{"id":424,"date":"2022-11-27T13:59:19","date_gmt":"2022-11-27T12:59:19","guid":{"rendered":"https:\/\/barcelonasegwayglides.com\/faqs\/"},"modified":"2023-03-05T17:12:30","modified_gmt":"2023-03-05T16:12:30","slug":"faqs","status":"publish","type":"page","link":"https:\/\/barcelonasegwayglides.com\/pt-pt\/faqs\/","title":{"rendered":"FAQs"},"content":{"rendered":"<h2>Sobre os passeios<\/h2>\n<p>&nbsp;<\/p>\n<h3>Como fa\u00e7o a reserva e onde nos encontramos?<\/h3>\n<p>Para todos os Barcelona Glides Tours \u00e9 necess\u00e1rio fazer reserva online aqui ou por telefone atrav\u00e9s do seguinte n\u00famero +34 935 504 873. Todos os passeios come\u00e7am na Carrer d&#8217;En Groc 2, no Bairro G\u00f3tico.<\/p>\n<p>&nbsp;<\/p>\n<h3>Quanto tempo dura o passeio?<\/h3>\n<p>Os passeios mais populares geralmente duram cerca de 2 a 3 horas (incluindo o treinamento de seguran\u00e7a).<\/p>\n<p>&nbsp;<\/p>\n<h3>Com que anteced\u00eancia devo reservar?<\/h3>\n<p>Voc\u00ea sempre pode verificar se h\u00e1 lugares dispon\u00edveis no mesmo dia. No entanto, \u00e9 bem poss\u00edvel que os passeios estejam lotados. Sugerimos que voc\u00ea reserve com o m\u00e1ximo de anteced\u00eancia poss\u00edvel para garantir a data e o hor\u00e1rio desejados.<\/p>\n<p>&nbsp;<\/p>\n<h3>O Segway\u00ae PT \u00e9 seguro para pessoas com defici\u00eancia?<\/h3>\n<p>Conduzir um Segway\u00ae PT \u00e9 relativamente f\u00e1cil de fazer e aprender. At\u00e9 as crian\u00e7as podem faz\u00ea-lo (d\u00ea uma olhada na pr\u00f3xima pergunta). Os pilotos devem ser capazes de fazer movimentos como subir e descer escadas sem ajuda. O Segway\u00ae PT n\u00e3o \u00e9 adequado para pessoas com peso inferior a 35 kg (77 lbs) ou superior a 130 kg (280 lbs). Cada um de nossos passeios come\u00e7a com uma sess\u00e3o de treinamento de 10 minutos na pra\u00e7a ao lado de nosso escrit\u00f3rio. Treinaremos no Segway\u00ae PT para que todos se sintam confort\u00e1veis \u200b\u200be prontos para sair e conquistar Barcelona.<\/p>\n<p>&nbsp;<\/p>\n<h3>Qual \u200b\u200b\u00e9 a idade m\u00ednima para dirigir um Segway em Barcelona?<\/h3>\n<p>Pelos regulamentos locais em Barcelona, \u200b\u200b\u200b\u200btodos os pilotos de Segway PT tamb\u00e9m como motoristas de eScooters devem ter pelo menos 16 anos de idade. Se voc\u00ea tem filhos de 10 a 15 anos, podemos oferecer uma bicicleta el\u00e9trica, para que possam sair em turn\u00ea juntos. O pre\u00e7o do passeio continua o mesmo. Lamentamos, mas n\u00e3o h\u00e1 exce\u00e7\u00f5es para a idade m\u00ednima, esta \u00e9 a Lei.<\/p>\n<p>Noutras cidades onde tamb\u00e9m operamos passeios de segway, como <a title=\"Lisbon Segway Tours\" href=\"https:\/\/eurosegway.pt\/\" target=\"_blank\" rel=\"noopener\">Lisbon<\/a>, < a title=\"Prague Segway Tours\" href=\"https:\/\/prague-segway-tours.com\/\" target=\"_blank\" rel=\"noopener\">Praga<\/a> e <a title=\"Budapest Segway Tours by Adquira o Segway\" href=\"https:\/\/getsegway.hu\/\" target=\"_blank\" rel=\"noopener\">Budapeste<\/a>, n\u00e3o h\u00e1 restri\u00e7\u00f5es de idade.<\/p>\n<h2>Informa\u00e7\u00f5es T\u00e9cnicas<\/h2>\n<h3>O que \u00e9 o Segway Personal Transporter?<\/h3>\n<p>O Segway Personal Transporter (Segway\u00ae PT ) \u00e9 o primeiro dispositivo de transporte movido a eletricidade e auto-equil\u00edbrio. Com dimens\u00f5es n\u00e3o maiores que o corpo m\u00e9dio de um adulto e a capacidade de imitar o equil\u00edbrio humano, o Segway\u00ae PT ocupa o mesmo espa\u00e7o de um pedestre e pode ir a qualquer lugar que uma pessoa possa andar.<\/p>\n<p>&nbsp;<\/p>\n<h3>Como funciona o Segway\u00ae PT?<\/h3>\n<p>A estabiliza\u00e7\u00e3o din\u00e2mica \u00e9 a ess\u00eancia do Segway\u00ae PT. A estabiliza\u00e7\u00e3o din\u00e2mica permite que o Segway\u00ae PT funcione perfeitamente com os movimentos do corpo. Girosc\u00f3pios e sensores de inclina\u00e7\u00e3o na unidade monitoram o centro de gravidade do motociclista cerca de 100 vezes por segundo. Quando o condutor se inclina ligeiramente para a frente, o Segway\u00ae PT avan\u00e7a. Quando o piloto se inclina ligeiramente para tr\u00e1s, o Segway\u00ae PT move-se para tr\u00e1s.<\/p>\n<p>&nbsp;<\/p>\n<h3>Qu\u00e3o seguro \u00e9 o Segway\u00ae PT?<\/h3>\n<p>O maior cuidado e pesquisa foram feitos para garantir que o Segway\u00ae PT seja seguro. A tecnologia de balanceamento do Segway\u00ae PT \u00e9 verdadeiramente revolucion\u00e1ria e proporciona uma experi\u00eancia de pilotagem excepcional. O Segway\u00ae PT possui sistemas redundantes e alertas sofisticados embutidos em seu design, e muitos milhares de horas de uso demonstraram que o Segway\u00ae PT \u00e9 seguro quando usado adequadamente. \u00c9 importante que os pilotos do Segway\u00ae PT entendam sua responsabilidade de andar com seguran\u00e7a. O n\u00edvel de habilidade adequado e a compreens\u00e3o do Segway\u00ae PT evitam les\u00f5es causadas por perda de controle ou uso indevido. Os passeios s\u00e3o cancelados em caso de chuva? Sim, paramos se chover. Deslizar sob a chuva n\u00e3o \u00e9 t\u00e3o divertido quanto em dias ensolarados. Faremos o poss\u00edvel para encontrar um dia alternativo. Claro, n\u00e3o \u00e9 sua culpa se chover, ent\u00e3o o dinheiro do dep\u00f3sito ser\u00e1 devolvido em caso de chuva.<\/p>\n<p>&nbsp;<\/p>\n<h3>Como ligar um Segway?<\/h3>\n<p>O Segway PT opera por meio de uma tecla, denominada infokey. Este \u00e9 um controle remoto eletr\u00f4nico com display e 4 bot\u00f5es. Ele \u00e9 programado na f\u00e1brica para especificar o segway por um n\u00famero de s\u00e9rie e n\u00e3o pode iniciar outro segway. Se a infokey foi perdida, somente revendedores especializados podem programar uma nova infokey. Al\u00e9m disso, a infokey pode ser salva e restaurada pelo nosso parceiro <a title=\"Lendo e escrevendo infokeys Segway\" href=\"https:\/\/infokeysafe.com\/\" target=\"_blank\" rel=\"noopener\">infokey safe<\/a>.<\/p>\n","protected":false},"excerpt":{"rendered":"<p>Sobre os passeios &nbsp; Como fa\u00e7o a reserva e onde nos encontramos? Para todos os Barcelona Glides Tours \u00e9 necess\u00e1rio fazer reserva online aqui ou por telefone atrav\u00e9s do seguinte [&#8230;]<\/p>\n<p><a class=\"btn btn-secondary understrap-read-more-link more-link\" href=\"https:\/\/barcelonasegwayglides.com\/pt-pt\/faqs\/\"> Read More<span class=\"screen-reader-text\"> from FAQs<\/span><\/a><\/p>\n","protected":false},"author":1,"featured_media":0,"parent":0,"menu_order":0,"comment_status":"closed","ping_status":"closed","template":"","meta":{"_acf_changed":false,"_joinchat":[],"footnotes":""},"class_list":["post-424","page","type-page","status-publish","hentry"],"acf":[],"_links":{"self":[{"href":"https:\/\/barcelonasegwayglides.com\/pt-pt\/wp-json\/wp\/v2\/pages\/424","targetHints":{"allow":["GET"]}}],"collection":[{"href":"https:\/\/barcelonasegwayglides.com\/pt-pt\/wp-json\/wp\/v2\/pages"}],"about":[{"href":"https:\/\/barcelonasegwayglides.com\/pt-pt\/wp-json\/wp\/v2\/types\/page"}],"author":[{"embeddable":true,"href":"https:\/\/barcelonasegwayglides.com\/pt-pt\/wp-json\/wp\/v2\/users\/1"}],"replies":[{"embeddable":true,"href":"https:\/\/barcelonasegwayglides.com\/pt-pt\/wp-json\/wp\/v2\/comments?post=424"}],"version-history":[{"count":2,"href":"https:\/\/barcelonasegwayglides.com\/pt-pt\/wp-json\/wp\/v2\/pages\/424\/revisions"}],"predecessor-version":[{"id":692,"href":"https:\/\/barcelonasegwayglides.com\/pt-pt\/wp-json\/wp\/v2\/pages\/424\/revisions\/692"}],"wp:attachment":[{"href":"https:\/\/barcelonasegwayglides.com\/pt-pt\/wp-json\/wp\/v2\/media?parent=424"}],"curies":[{"name":"wp","href":"https:\/\/api.w.org\/{rel}","templated":true}]}}