{"id":420,"date":"2022-11-27T13:48:40","date_gmt":"2022-11-27T12:48:40","guid":{"rendered":"https:\/\/barcelonasegwayglides.com\/barcelona-segway-glides-2\/"},"modified":"2025-10-28T17:16:19","modified_gmt":"2025-10-28T16:16:19","slug":"deslizamentos-segway-barcelona","status":"publish","type":"page","link":"https:\/\/barcelonasegwayglides.com\/pt-pt\/deslizamentos-segway-barcelona\/","title":{"rendered":"Deslizamentos de Segway em Barcelona"},"content":{"rendered":"<p><img loading=\"lazy\" decoding=\"async\" class=\"wp-image-251 size-full\" src=\"https:\/\/barcelonasegwayglides.com\/wp-content\/uploads\/2022\/11\/cabecera-int5.jpg\" alt=\"Barcelona Segway Glides - sobre n\u00f3s\" width=\"1503\" height=\"135\" title=\"\" srcset=\"https:\/\/barcelonasegwayglides.com\/wp-content\/uploads\/2022\/11\/cabecera-int5.jpg 1503w, https:\/\/barcelonasegwayglides.com\/wp-content\/uploads\/2022\/11\/cabecera-int5-300x27.jpg 300w, https:\/\/barcelonasegwayglides.com\/wp-content\/uploads\/2022\/11\/cabecera-int5-768x69.jpg 768w, https:\/\/barcelonasegwayglides.com\/wp-content\/uploads\/2022\/11\/cabecera-int5-1024x92.jpg 1024w\" sizes=\"auto, (max-width: 1503px) 100vw, 1503px\" \/><\/p>\n<h2>A primeira operadora oficial de Segway Tour na Espanha<\/h2>\n<p>A Barcelona Segway Glides (no in\u00edcio se chamava Barcelona Spain Glides) \u00e9 a primeira operadora de passeios de segway na Espanha e uma das primeiras operadoras de passeios de segway na Europa, realizando passeios desde 2005. A Barcelona Segway Glides foi fundada e administrada por Edgar Torras, o fundador e propriet\u00e1rio da empresa.<\/p>\n<p>Acredito que voc\u00ea tem que trabalhar fazendo algo que ama, pois passar\u00e1 muitas horas fazendo isso todos os dias. Adoro conhecer pessoas, ent\u00e3o fazer passeios de segway \u00e9 o melhor trabalho para mim. Eu os fa\u00e7o h\u00e1 mais de quatorze anos e ainda vou trabalhar com um sorriso todos os dias. Todos os dias me permite conhecer pessoas de todo o mundo que procuram aprender sobre Barcelona e se divertir. Essas mesmas pessoas s\u00e3o uma janela para o mundo para mim, \u00e0s vezes t\u00eam hist\u00f3rias incr\u00edveis para contar.<\/p>\n<p>Conheci um oficial da marinha brit\u00e2nica que lutou contra os kamikazes japoneses no Oceano Pac\u00edfico; um veterano da guerra do Vietn\u00e3 que serviu duas vezes porque estava com medo de voltar para os Estados Unidos; o marinheiro de uma perna que navegou no oceano Ant\u00e1rtico por um m\u00eas em um veleiro de 150 anos; o designer de carros que trabalha imaginando os carros que iremos pilotar daqui a 15 anos; o empres\u00e1rio ingl\u00eas que vendeu seu neg\u00f3cio para velejar pelo mundo, encontrou o amor em Phucket e agora administra um hotelzinho \u00e0 beira-mar&#8230; Me considero muito sortudo por ter conhecido todas essas pessoas. Gosto de tratar meus clientes como amigos que v\u00eam visitar Barcelona. Permite-me gabar da cidade mas tamb\u00e9m conhecer-me um pouco. Tenho tudo preparado para me concentrar no que gosto, conhecer pessoas e contar-lhes sobre o Barcelona e os catal\u00e3es.<\/p>\n<p>Agora, ap\u00f3s a pandemia de COVID, temos uma pequena equipe de guias profissionais que compartilham o mesmo esp\u00edrito que eu e trabalham juntos para compartilhar nosso amor por Barcelona com nossos h\u00f3spedes.<\/p>\n<p>Bem-vindo a Barcelona, vamos deslizar juntos!<\/p>\n<figure id=\"attachment_243\" aria-describedby=\"caption-attachment-243\" style=\"width: 1024px\" class=\"wp-caption aligncenter\"><img loading=\"lazy\" decoding=\"async\" class=\"wp-image-243 size-full\" src=\"https:\/\/barcelonasegwayglides.com\/wp-content\/uploads\/2022\/11\/segway-tour-barcelona-ed.jpg\" alt=\"Tour de Segway em Barcelona por Edgar - Deslizamentos de Segway em Barcelona\" width=\"1024\" height=\"320\" title=\"\" srcset=\"https:\/\/barcelonasegwayglides.com\/wp-content\/uploads\/2022\/11\/segway-tour-barcelona-ed.jpg 1024w, https:\/\/barcelonasegwayglides.com\/wp-content\/uploads\/2022\/11\/segway-tour-barcelona-ed-300x94.jpg 300w, https:\/\/barcelonasegwayglides.com\/wp-content\/uploads\/2022\/11\/segway-tour-barcelona-ed-768x240.jpg 768w\" sizes=\"auto, (max-width: 1024px) 100vw, 1024px\" \/><figcaption id=\"caption-attachment-243\" class=\"wp-caption-text\">Deslizamentos de Segway em Barcelona<\/figcaption><\/figure>\n","protected":false},"excerpt":{"rendered":"<p>A primeira operadora oficial de Segway Tour na Espanha A Barcelona Segway Glides (no in\u00edcio se chamava Barcelona Spain Glides) \u00e9 a primeira operadora de passeios de segway na Espanha [&#8230;]<\/p>\n<p><a class=\"btn btn-secondary understrap-read-more-link more-link\" href=\"https:\/\/barcelonasegwayglides.com\/pt-pt\/deslizamentos-segway-barcelona\/\"> Read More<span class=\"screen-reader-text\"> from Deslizamentos de Segway em Barcelona<\/span><\/a><\/p>\n","protected":false},"author":1,"featured_media":246,"parent":0,"menu_order":0,"comment_status":"closed","ping_status":"closed","template":"","meta":{"_acf_changed":false,"_joinchat":[],"footnotes":""},"class_list":["post-420","page","type-page","status-publish","has-post-thumbnail","hentry"],"acf":[],"_links":{"self":[{"href":"https:\/\/barcelonasegwayglides.com\/pt-pt\/wp-json\/wp\/v2\/pages\/420","targetHints":{"allow":["GET"]}}],"collection":[{"href":"https:\/\/barcelonasegwayglides.com\/pt-pt\/wp-json\/wp\/v2\/pages"}],"about":[{"href":"https:\/\/barcelonasegwayglides.com\/pt-pt\/wp-json\/wp\/v2\/types\/page"}],"author":[{"embeddable":true,"href":"https:\/\/barcelonasegwayglides.com\/pt-pt\/wp-json\/wp\/v2\/users\/1"}],"replies":[{"embeddable":true,"href":"https:\/\/barcelonasegwayglides.com\/pt-pt\/wp-json\/wp\/v2\/comments?post=420"}],"version-history":[{"count":5,"href":"https:\/\/barcelonasegwayglides.com\/pt-pt\/wp-json\/wp\/v2\/pages\/420\/revisions"}],"predecessor-version":[{"id":1144,"href":"https:\/\/barcelonasegwayglides.com\/pt-pt\/wp-json\/wp\/v2\/pages\/420\/revisions\/1144"}],"wp:featuredmedia":[{"embeddable":true,"href":"https:\/\/barcelonasegwayglides.com\/pt-pt\/wp-json\/wp\/v2\/media\/246"}],"wp:attachment":[{"href":"https:\/\/barcelonasegwayglides.com\/pt-pt\/wp-json\/wp\/v2\/media?parent=420"}],"curies":[{"name":"wp","href":"https:\/\/api.w.org\/{rel}","templated":true}]}}