{"id":333,"date":"2022-01-03T20:32:31","date_gmt":"2022-01-03T19:32:31","guid":{"rendered":"https:\/\/barcelonasegwayglides.com\/barcelona-segway-glides\/"},"modified":"2025-03-31T23:54:48","modified_gmt":"2025-03-31T21:54:48","slug":"barcelona-segway-glides","status":"publish","type":"page","link":"https:\/\/barcelonasegwayglides.com\/pt-pt\/","title":{"rendered":"Barcelona Segway Glides"},"content":{"rendered":"<p><strong style=\"font-size: 18px;\">Primeira vez em Barcelona? O Barcelona Segway Glides oferece a voc\u00ea uma op\u00e7\u00e3o para descobrir os principais pontos tur\u00edsticos de Barcelona rapidamente, de maneira f\u00e1cil e divertida.<\/strong><\/p>\n<p>Fa\u00e7a uma das melhores rotas, ricas em hist\u00f3ria e marcos famosos, com um guia local em um Segway ou eScooter. Explore o m\u00e1ximo de hist\u00f3ria que quiser e fa\u00e7a \u00f3timas fotos nos melhores pontos de vista.<\/p>\n<p><em style=\"float: right;\">Facilite sua viagem!<\/em><\/p>\n","protected":false},"excerpt":{"rendered":"<p>Primeira vez em Barcelona? O Barcelona Segway Glides oferece a voc\u00ea uma op\u00e7\u00e3o para descobrir os principais pontos tur\u00edsticos de Barcelona rapidamente, de maneira f\u00e1cil e divertida. Fa\u00e7a uma das [&#8230;]<\/p>\n<p><a class=\"btn btn-secondary understrap-read-more-link more-link\" href=\"https:\/\/barcelonasegwayglides.com\/pt-pt\/\"> Read More<span class=\"screen-reader-text\"> from Barcelona Segway Glides<\/span><\/a><\/p>\n","protected":false},"author":1,"featured_media":189,"parent":0,"menu_order":0,"comment_status":"closed","ping_status":"closed","template":"template-front-page.php","meta":{"_acf_changed":false,"_joinchat":[],"footnotes":""},"class_list":["post-333","page","type-page","status-publish","has-post-thumbnail","hentry"],"acf":[],"_links":{"self":[{"href":"https:\/\/barcelonasegwayglides.com\/pt-pt\/wp-json\/wp\/v2\/pages\/333","targetHints":{"allow":["GET"]}}],"collection":[{"href":"https:\/\/barcelonasegwayglides.com\/pt-pt\/wp-json\/wp\/v2\/pages"}],"about":[{"href":"https:\/\/barcelonasegwayglides.com\/pt-pt\/wp-json\/wp\/v2\/types\/page"}],"author":[{"embeddable":true,"href":"https:\/\/barcelonasegwayglides.com\/pt-pt\/wp-json\/wp\/v2\/users\/1"}],"replies":[{"embeddable":true,"href":"https:\/\/barcelonasegwayglides.com\/pt-pt\/wp-json\/wp\/v2\/comments?post=333"}],"version-history":[{"count":3,"href":"https:\/\/barcelonasegwayglides.com\/pt-pt\/wp-json\/wp\/v2\/pages\/333\/revisions"}],"predecessor-version":[{"id":998,"href":"https:\/\/barcelonasegwayglides.com\/pt-pt\/wp-json\/wp\/v2\/pages\/333\/revisions\/998"}],"wp:featuredmedia":[{"embeddable":true,"href":"https:\/\/barcelonasegwayglides.com\/pt-pt\/wp-json\/wp\/v2\/media\/189"}],"wp:attachment":[{"href":"https:\/\/barcelonasegwayglides.com\/pt-pt\/wp-json\/wp\/v2\/media?parent=333"}],"curies":[{"name":"wp","href":"https:\/\/api.w.org\/{rel}","templated":true}]}}