{"id":426,"date":"2022-11-27T13:59:19","date_gmt":"2022-11-27T12:59:19","guid":{"rendered":"https:\/\/barcelonasegwayglides.com\/faqs\/"},"modified":"2023-03-05T17:10:43","modified_gmt":"2023-03-05T16:10:43","slug":"faqs","status":"publish","type":"page","link":"https:\/\/barcelonasegwayglides.com\/fr\/faqs\/","title":{"rendered":"FAQs"},"content":{"rendered":"<h2>\u00c0 propos des visites<\/h2>\n<p>&nbsp;<\/p>\n<h3>Comment puis-je r\u00e9server et o\u00f9 nous rencontrons-nous\u00a0?<\/h3>\n<p>Les r\u00e9servations sont obligatoires pour toutes les Barcelona Glides Tours et peuvent \u00eatre faites en ligne ici ou par t\u00e9l\u00e9phone via le num\u00e9ro suivant +34 935 504 873. Toutes les visites commencent \u00e0 Carrer d&rsquo;En Groc 2, dans le quartier gothique.<\/p>\n<h3>Combien de temps dure la visite\u00a0?<\/h3>\n<p>Les visites les plus populaires durent g\u00e9n\u00e9ralement environ 2 \u00e0 3 heures (y compris la formation \u00e0 la s\u00e9curit\u00e9).<\/p>\n<h3>Combien de temps \u00e0 l&rsquo;avance dois-je r\u00e9server\u00a0?<\/h3>\n<p>Vous pouvez toujours v\u00e9rifier s&rsquo;il reste des places disponibles le jour m\u00eame. Cependant il est tout \u00e0 fait possible que les tourn\u00e9es soient compl\u00e8tes. Nous vous sugg\u00e9rons de r\u00e9server le plus t\u00f4t possible pour garantir la date et l&rsquo;heure de votre visite.<\/p>\n<h3>Le Segway\u00ae PT est-il s\u00fbr pour les personnes handicap\u00e9es\u00a0?<\/h3>\n<p>Conduire un Segway\u00ae PT est relativement facile \u00e0 faire et \u00e0 apprendre. M\u00eame les enfants peuvent le faire (regardez la question suivante). Les motards doivent \u00eatre capables de faire des mouvements tels que monter et descendre des escaliers sans assistance. Le Segway\u00ae TP ne convient pas aux personnes pesant moins de 35 kg (77 lb) ou plus de 130 kg (280 lb). Chacune de nos visites commence par une s\u00e9ance de formation de 10 minutes sur la place \u00e0 c\u00f4t\u00e9 de notre bureau. Nous nous entra\u00eenerons sur le Segway\u00ae PT afin que chacun se sente \u00e0 l&rsquo;aise et pr\u00eat \u00e0 partir \u00e0 la conqu\u00eate de Barcelone.<\/p>\n<p>&nbsp;<\/p>\n<h3>Quel est l&rsquo;\u00e2ge minimum pour conduire un Segway \u00e0 Barcelone\u00a0?<\/h3>\n<p>Selon la r\u00e9glementation locale \u00e0 Barcelone, tous les conducteurs de Segway PT, \u00e9galement en tant que conducteurs de scooters \u00e9lectriques, doivent \u00eatre \u00e2g\u00e9s d&rsquo;au moins 16 ans. Si vous avez des enfants de 10 \u00e0 15 ans nous pouvons proposer un v\u00e9lo \u00e9lectrique \u00e0 la place, afin que vous puissiez partir en tourn\u00e9e ensemble. Le prix du tour reste le m\u00eame. Nous sommes d\u00e9sol\u00e9s, mais il n&rsquo;y a pas d&rsquo;exceptions pour l&rsquo;\u00e2ge minimum, c&rsquo;est la loi.<\/p>\n<p>Dans d&rsquo;autres villes o\u00f9 nous organisons \u00e9galement des visites en segway, comme <a title=\"Lisbon Segway Tours\" href=\"https:\/\/eurosegway.pt\/\" target=\"_blank\" rel=\"noopener\">Lisbonne<\/a>, <a title=\"Prague Segway Tours\" href=\"https:\/\/prague-segway-tours.com\/\" target=\"_blank\" rel=\"noopener\">Prague<\/a> et <a title=\"Budapest Segway Tours par Get Segway\" href=\"https:\/\/getsegway.hu\/\" target=\"_blank\" rel=\"noopener\">Budapest<\/a>, il n&rsquo;y a pas de telles restrictions d&rsquo;\u00e2ge.<\/p>\n<h2>Informations techniques<\/h2>\n<h3>Qu&rsquo;est-ce que le transporteur personnel Segway\u00a0?<\/h3>\n<p>Le Segway Personal Transporter (Segway\u00ae PT ) est le tout premier appareil de transport \u00e9lectrique \u00e0 \u00e9quilibrage automatique. Avec des dimensions pas plus grandes que le corps d&rsquo;un adulte moyen et la capacit\u00e9 d&rsquo;imiter l&rsquo;\u00e9quilibre humain, le Segway\u00ae TP utilise le m\u00eame espace qu&rsquo;un pi\u00e9ton et peut aller partout o\u00f9 une personne peut marcher.<\/p>\n<h3>Comment fonctionne le Segway\u00ae PT\u00a0?<\/h3>\n<p>La stabilisation dynamique est l&rsquo;essence m\u00eame du Segway\u00ae PT. La stabilisation dynamique permet au Segway\u00ae TP de fonctionner en toute transparence avec les mouvements du corps. Les gyroscopes et les capteurs d&rsquo;inclinaison de l&rsquo;unit\u00e9 surveillent le centre de gravit\u00e9 du cycliste environ 100 fois par seconde. Lorsque le conducteur se penche l\u00e9g\u00e8rement vers l&rsquo;avant, le Segway\u00ae TP avance. Lorsque le conducteur se penche l\u00e9g\u00e8rement en arri\u00e8re, le Segway\u00ae TP recule.<\/p>\n<h3>Dans quelle mesure le Segway\u00ae TP est-il s\u00fbr?<\/h3>\n<p>Le plus grand soin et la plus grande recherche ont \u00e9t\u00e9 consacr\u00e9s \u00e0 la s\u00e9curit\u00e9 du Segway\u00ae TP. La technologie d&rsquo;\u00e9quilibrage du Segway\u00ae PT est vraiment r\u00e9volutionnaire et offre une exp\u00e9rience de conduite exceptionnelle. Le Segway\u00ae TP est dot\u00e9 de syst\u00e8mes redondants et d&rsquo;alertes sophistiqu\u00e9es int\u00e9gr\u00e9es dans sa conception, et plusieurs milliers d&rsquo;heures d&rsquo;utilisation ont d\u00e9montr\u00e9 que le Segway\u00ae TP est s\u00fbr lorsqu&rsquo;il est utilis\u00e9 de mani\u00e8re appropri\u00e9e. Il est important que les conducteurs de Segway\u00ae PT comprennent leur responsabilit\u00e9 de conduire en toute s\u00e9curit\u00e9. Un niveau de comp\u00e9tence et une compr\u00e9hension appropri\u00e9s du Segway\u00ae TP pr\u00e9viennent les blessures caus\u00e9es par une perte de contr\u00f4le ou une mauvaise utilisation. Les visites sont-elles annul\u00e9es en cas de pluie ? Oui, nous nous arr\u00eatons s&rsquo;il pleut. Glisser sous la pluie n&rsquo;est pas \u00e0 moiti\u00e9 aussi amusant que les jours ensoleill\u00e9s. Nous ferons de notre mieux pour trouver un autre jour. Bien s\u00fbr, ce n&rsquo;est pas votre faute s&rsquo;il pleut, donc l&rsquo;argent de la caution sera rembours\u00e9 en cas de pluie.<\/p>\n<p>&nbsp;<\/p>\n<h3>Comment allumer un Segway\u00a0?<\/h3>\n<p>Le Segway TP fonctionne gr\u00e2ce \u00e0 une cl\u00e9, appel\u00e9e infokey. Il s&rsquo;agit d&rsquo;une t\u00e9l\u00e9commande \u00e9lectronique avec un \u00e9cran et 4 boutons. Il est programm\u00e9 en usine pour segway exact par un num\u00e9ro de s\u00e9rie, et ne peut pas d\u00e9marrer un autre segway. Si l&rsquo;infokey a \u00e9t\u00e9 perdue, seuls les revendeurs sp\u00e9cialis\u00e9s peuvent programmer une nouvelle infokey. De plus, l&rsquo;infokey peut \u00eatre sauvegard\u00e9e et restaur\u00e9e par notre partenaire <a title=\"Lire et \u00e9crire, r\u00e9cup\u00e9rer l&#039;infokey Segway\" href=\"https:\/\/infokeysafe.com\/\" target=\"_blank\" rel=\"noopener\">infokey safe<\/a>.<\/p>\n","protected":false},"excerpt":{"rendered":"<p>\u00c0 propos des visites &nbsp; Comment puis-je r\u00e9server et o\u00f9 nous rencontrons-nous\u00a0? Les r\u00e9servations sont obligatoires pour toutes les Barcelona Glides Tours et peuvent \u00eatre faites en ligne ici ou [&#8230;]<\/p>\n<p><a class=\"btn btn-secondary understrap-read-more-link more-link\" href=\"https:\/\/barcelonasegwayglides.com\/fr\/faqs\/\"> Read More<span class=\"screen-reader-text\"> from FAQs<\/span><\/a><\/p>\n","protected":false},"author":1,"featured_media":0,"parent":0,"menu_order":0,"comment_status":"closed","ping_status":"closed","template":"","meta":{"_acf_changed":false,"_joinchat":[],"footnotes":""},"class_list":["post-426","page","type-page","status-publish","hentry"],"acf":[],"_links":{"self":[{"href":"https:\/\/barcelonasegwayglides.com\/fr\/wp-json\/wp\/v2\/pages\/426","targetHints":{"allow":["GET"]}}],"collection":[{"href":"https:\/\/barcelonasegwayglides.com\/fr\/wp-json\/wp\/v2\/pages"}],"about":[{"href":"https:\/\/barcelonasegwayglides.com\/fr\/wp-json\/wp\/v2\/types\/page"}],"author":[{"embeddable":true,"href":"https:\/\/barcelonasegwayglides.com\/fr\/wp-json\/wp\/v2\/users\/1"}],"replies":[{"embeddable":true,"href":"https:\/\/barcelonasegwayglides.com\/fr\/wp-json\/wp\/v2\/comments?post=426"}],"version-history":[{"count":2,"href":"https:\/\/barcelonasegwayglides.com\/fr\/wp-json\/wp\/v2\/pages\/426\/revisions"}],"predecessor-version":[{"id":690,"href":"https:\/\/barcelonasegwayglides.com\/fr\/wp-json\/wp\/v2\/pages\/426\/revisions\/690"}],"wp:attachment":[{"href":"https:\/\/barcelonasegwayglides.com\/fr\/wp-json\/wp\/v2\/media?parent=426"}],"curies":[{"name":"wp","href":"https:\/\/api.w.org\/{rel}","templated":true}]}}