{"id":422,"date":"2022-11-27T13:48:40","date_gmt":"2022-11-27T12:48:40","guid":{"rendered":"https:\/\/barcelonasegwayglides.com\/barcelona-segway-glides\/"},"modified":"2025-10-28T17:15:43","modified_gmt":"2025-10-28T16:15:43","slug":"barcelona-segway-glides","status":"publish","type":"page","link":"https:\/\/barcelonasegwayglides.com\/fr\/barcelona-segway-glides\/","title":{"rendered":"Glissades en Segway \u00e0 Barcelone"},"content":{"rendered":"<p><img loading=\"lazy\" decoding=\"async\" class=\"wp-image-251 size-full\" src=\"https:\/\/barcelonasegwayglides.com\/wp-content\/uploads\/2022\/11\/cabecera-int5.jpg\" alt=\"Barcelona Segway Glides - \u00e0 propos de nous\" width=\"1503\" height=\"135\" title=\"\" srcset=\"https:\/\/barcelonasegwayglides.com\/wp-content\/uploads\/2022\/11\/cabecera-int5.jpg 1503w, https:\/\/barcelonasegwayglides.com\/wp-content\/uploads\/2022\/11\/cabecera-int5-300x27.jpg 300w, https:\/\/barcelonasegwayglides.com\/wp-content\/uploads\/2022\/11\/cabecera-int5-768x69.jpg 768w, https:\/\/barcelonasegwayglides.com\/wp-content\/uploads\/2022\/11\/cabecera-int5-1024x92.jpg 1024w\" sizes=\"auto, (max-width: 1503px) 100vw, 1503px\" \/><\/p>\n<h2>Le premier tour op\u00e9rateur officiel de Segway en Espagne<\/h2>\n<p>Barcelona Segway Glides (au tout d\u00e9but s&rsquo;appelait Barcelona Spain Glides) est le premier voyagiste en segway en Espagne et l&rsquo;un des premiers voyagistes en segway en Europe, organisant des visites depuis 2005. Barcelona Segway Glides a \u00e9t\u00e9 cr\u00e9\u00e9 et dirig\u00e9 par Edgar Torras, le fondateur et propri\u00e9taire de l&rsquo;entreprise.<\/p>\n<p>Je crois que vous devez travailler en faisant quelque chose que vous aimez car vous passerez de nombreuses heures \u00e0 le faire tous les jours. J&rsquo;aime rencontrer des gens, donc faire des visites en segway est le meilleur travail pour moi. Je les fais depuis plus de quatorze ans pour l&rsquo;instant et je vais toujours au travail avec le sourire tous les jours. Chaque jour me permet de rencontrer des gens du monde entier qui cherchent \u00e0 d\u00e9couvrir Barcelone et \u00e0 s&rsquo;amuser. Ces m\u00eames personnes sont pour moi une fen\u00eatre sur le monde, elles ont parfois des histoires incroyables \u00e0 raconter.<\/p>\n<p>J&rsquo;ai rencontr\u00e9 un officier de la marine britannique qui a combattu les kamikazes japonais dans l&rsquo;oc\u00e9an Pacifique ; un v\u00e9t\u00e9ran de la guerre du Vietnam qui a servi deux fois parce qu&rsquo;il avait peur de retourner aux \u00c9tats-Unis ; le marin unijambiste qui a navigu\u00e9 pendant un mois dans l&rsquo;oc\u00e9an Antarctique \u00e0 bord d&rsquo;un voilier vieux de 150 ans ; le designer automobile qui travaille \u00e0 imaginer les voitures que nous conduirons dans 15 ans ; l&rsquo;homme d&rsquo;affaires anglais qui a vendu son entreprise pour faire le tour du monde \u00e0 la voile, a trouv\u00e9 l&rsquo;amour \u00e0 Phucket et dirige aujourd&rsquo;hui un petit h\u00f4tel au bord de la mer&#8230; Je me consid\u00e8re tr\u00e8s chanceux d&rsquo;avoir rencontr\u00e9 toutes ces personnes. J&rsquo;aime traiter mes clients comme des amis qui viennent visiter Barcelone. \u00c7a me permet de vanter la ville mais aussi de se conna\u00eetre un peu. J&rsquo;ai tout mis en place pour pouvoir me concentrer sur ce que j&rsquo;aime, rencontrer des gens et leur parler de Barcelone et des Catalans.<\/p>\n<p>Maintenant, apr\u00e8s la pand\u00e9mie de COVID, nous avons une petite \u00e9quipe de guides professionnels qui partagent le m\u00eame esprit que moi et travaillent ensemble pour partager notre amour pour Barcelone avec nos invit\u00e9s.<\/p>\n<p>Bienvenue \u00e0 Barcelone, Glissons ensemble !<\/p>\n<figure id=\"attachment_244\" aria-describedby=\"caption-attachment-244\" style=\"width: 1024px\" class=\"wp-caption aligncenter\"><img loading=\"lazy\" decoding=\"async\" class=\"wp-image-243 size-full\" src=\"https:\/\/barcelonasegwayglides.com\/wp-content\/uploads\/2022\/11\/segway-tour-barcelona-ed.jpg\" alt=\"Tour en Segway \u00e0 Barcelone par Edgar - Barcelona Segway Glides tours\" width=\"1024\" height=\"320\" title=\"\" srcset=\"https:\/\/barcelonasegwayglides.com\/wp-content\/uploads\/2022\/11\/segway-tour-barcelona-ed.jpg 1024w, https:\/\/barcelonasegwayglides.com\/wp-content\/uploads\/2022\/11\/segway-tour-barcelona-ed-300x94.jpg 300w, https:\/\/barcelonasegwayglides.com\/wp-content\/uploads\/2022\/11\/segway-tour-barcelona-ed-768x240.jpg 768w\" sizes=\"auto, (max-width: 1024px) 100vw, 1024px\" \/><figcaption id=\"caption-attachment-244\" class=\"wp-caption-text\">Tour en Segway \u00e0 Barcelone par Edgar &#8211; Barcelone Tours en Segway Glides.<\/figcaption><\/figure>\n","protected":false},"excerpt":{"rendered":"<p>Le premier tour op\u00e9rateur officiel de Segway en Espagne Barcelona Segway Glides (au tout d\u00e9but s&rsquo;appelait Barcelona Spain Glides) est le premier voyagiste en segway en Espagne et l&rsquo;un des [&#8230;]<\/p>\n<p><a class=\"btn btn-secondary understrap-read-more-link more-link\" href=\"https:\/\/barcelonasegwayglides.com\/fr\/barcelona-segway-glides\/\"> Read More<span class=\"screen-reader-text\"> from Glissades en Segway \u00e0 Barcelone<\/span><\/a><\/p>\n","protected":false},"author":1,"featured_media":244,"parent":0,"menu_order":0,"comment_status":"closed","ping_status":"closed","template":"","meta":{"_acf_changed":false,"_joinchat":[],"footnotes":""},"class_list":["post-422","page","type-page","status-publish","has-post-thumbnail","hentry"],"acf":[],"_links":{"self":[{"href":"https:\/\/barcelonasegwayglides.com\/fr\/wp-json\/wp\/v2\/pages\/422","targetHints":{"allow":["GET"]}}],"collection":[{"href":"https:\/\/barcelonasegwayglides.com\/fr\/wp-json\/wp\/v2\/pages"}],"about":[{"href":"https:\/\/barcelonasegwayglides.com\/fr\/wp-json\/wp\/v2\/types\/page"}],"author":[{"embeddable":true,"href":"https:\/\/barcelonasegwayglides.com\/fr\/wp-json\/wp\/v2\/users\/1"}],"replies":[{"embeddable":true,"href":"https:\/\/barcelonasegwayglides.com\/fr\/wp-json\/wp\/v2\/comments?post=422"}],"version-history":[{"count":6,"href":"https:\/\/barcelonasegwayglides.com\/fr\/wp-json\/wp\/v2\/pages\/422\/revisions"}],"predecessor-version":[{"id":1142,"href":"https:\/\/barcelonasegwayglides.com\/fr\/wp-json\/wp\/v2\/pages\/422\/revisions\/1142"}],"wp:featuredmedia":[{"embeddable":true,"href":"https:\/\/barcelonasegwayglides.com\/fr\/wp-json\/wp\/v2\/media\/244"}],"wp:attachment":[{"href":"https:\/\/barcelonasegwayglides.com\/fr\/wp-json\/wp\/v2\/media?parent=422"}],"curies":[{"name":"wp","href":"https:\/\/api.w.org\/{rel}","templated":true}]}}