{"id":369,"date":"2022-01-03T20:32:31","date_gmt":"2022-01-03T19:32:31","guid":{"rendered":"https:\/\/barcelonasegwayglides.com\/glissades-en-segway-a-barcelone\/"},"modified":"2025-03-31T23:59:53","modified_gmt":"2025-03-31T21:59:53","slug":"glissades-en-segway-a-barcelone","status":"publish","type":"page","link":"https:\/\/barcelonasegwayglides.com\/fr\/","title":{"rendered":"Glissades en Segway \u00e0 Barcelone"},"content":{"rendered":"<p><strong style=\"font-size: 18px;\">Premi\u00e8re fois \u00e0 Barcelone\u00a0? Barcelona Segway Glides vous offre la possibilit\u00e9 de d\u00e9couvrir rapidement les principaux sites touristiques de Barcelone de mani\u00e8re simple et amusante.<\/strong><\/p>\n<p>Empruntez l&rsquo;un des meilleurs itin\u00e9raires, riche en histoire et en monuments c\u00e9l\u00e8bres, avec un guide local en Segway ou en eScooter. Explorez autant d&rsquo;histoire que vous le souhaitez et faites de superbes photos aux meilleurs points de vue.<\/p>\n<p><em style=\"float: right;\">Facilitez votre voyage\u00a0!<\/em><\/p>\n","protected":false},"excerpt":{"rendered":"<p>Premi\u00e8re fois \u00e0 Barcelone\u00a0? Barcelona Segway Glides vous offre la possibilit\u00e9 de d\u00e9couvrir rapidement les principaux sites touristiques de Barcelone de mani\u00e8re simple et amusante. Empruntez l&rsquo;un des meilleurs itin\u00e9raires, [&#8230;]<\/p>\n<p><a class=\"btn btn-secondary understrap-read-more-link more-link\" href=\"https:\/\/barcelonasegwayglides.com\/fr\/\"> Read More<span class=\"screen-reader-text\"> from Glissades en Segway \u00e0 Barcelone<\/span><\/a><\/p>\n","protected":false},"author":1,"featured_media":187,"parent":0,"menu_order":0,"comment_status":"closed","ping_status":"closed","template":"template-front-page.php","meta":{"_acf_changed":false,"_joinchat":[],"footnotes":""},"class_list":["post-369","page","type-page","status-publish","has-post-thumbnail","hentry"],"acf":[],"_links":{"self":[{"href":"https:\/\/barcelonasegwayglides.com\/fr\/wp-json\/wp\/v2\/pages\/369","targetHints":{"allow":["GET"]}}],"collection":[{"href":"https:\/\/barcelonasegwayglides.com\/fr\/wp-json\/wp\/v2\/pages"}],"about":[{"href":"https:\/\/barcelonasegwayglides.com\/fr\/wp-json\/wp\/v2\/types\/page"}],"author":[{"embeddable":true,"href":"https:\/\/barcelonasegwayglides.com\/fr\/wp-json\/wp\/v2\/users\/1"}],"replies":[{"embeddable":true,"href":"https:\/\/barcelonasegwayglides.com\/fr\/wp-json\/wp\/v2\/comments?post=369"}],"version-history":[{"count":2,"href":"https:\/\/barcelonasegwayglides.com\/fr\/wp-json\/wp\/v2\/pages\/369\/revisions"}],"predecessor-version":[{"id":1000,"href":"https:\/\/barcelonasegwayglides.com\/fr\/wp-json\/wp\/v2\/pages\/369\/revisions\/1000"}],"wp:featuredmedia":[{"embeddable":true,"href":"https:\/\/barcelonasegwayglides.com\/fr\/wp-json\/wp\/v2\/media\/187"}],"wp:attachment":[{"href":"https:\/\/barcelonasegwayglides.com\/fr\/wp-json\/wp\/v2\/media?parent=369"}],"curies":[{"name":"wp","href":"https:\/\/api.w.org\/{rel}","templated":true}]}}