{"id":338,"date":"2022-01-03T20:32:31","date_gmt":"2022-01-03T19:32:31","guid":{"rendered":"https:\/\/barcelonasegwayglides.com\/barcelona-segway-glides\/"},"modified":"2025-04-12T18:58:54","modified_gmt":"2025-04-12T16:58:54","slug":"barcelona-segway-glides","status":"publish","type":"page","link":"https:\/\/barcelonasegwayglides.com\/es\/","title":{"rendered":"Barcelona Segway Glides"},"content":{"rendered":"<p><strong style=\"font-size: 18px;\">\u00bfPrimera vez en Barcelona? Barcelona Segway Glides te ofrece una opci\u00f3n para descubrir los principales lugares de inter\u00e9s de Barcelona r\u00e1pidamente de una manera f\u00e1cil y divertida.<\/strong><\/p>\n<p>Tome una de las mejores rutas, rica en historia y monumentos famosos, con un gu\u00eda local en un Segway o eScooter. Explora toda la historia que quieras y haz excelentes fotos en los mejores miradores.<\/p>\n<p><em style=\"float: right;\">\u00a1Haz tu viaje f\u00e1cil!<\/em><\/p>\n","protected":false},"excerpt":{"rendered":"<p>\u00bfPrimera vez en Barcelona? Barcelona Segway Glides te ofrece una opci\u00f3n para descubrir los principales lugares de inter\u00e9s de Barcelona r\u00e1pidamente de una manera f\u00e1cil y divertida. Tome una de [&#8230;]<\/p>\n<p><a class=\"btn btn-secondary understrap-read-more-link more-link\" href=\"https:\/\/barcelonasegwayglides.com\/es\/\"> Read More<span class=\"screen-reader-text\"> from Barcelona Segway Glides<\/span><\/a><\/p>\n","protected":false},"author":1,"featured_media":191,"parent":0,"menu_order":0,"comment_status":"closed","ping_status":"closed","template":"template-front-page.php","meta":{"_acf_changed":false,"_joinchat":[],"footnotes":""},"class_list":["post-338","page","type-page","status-publish","has-post-thumbnail","hentry"],"acf":[],"_links":{"self":[{"href":"https:\/\/barcelonasegwayglides.com\/es\/wp-json\/wp\/v2\/pages\/338","targetHints":{"allow":["GET"]}}],"collection":[{"href":"https:\/\/barcelonasegwayglides.com\/es\/wp-json\/wp\/v2\/pages"}],"about":[{"href":"https:\/\/barcelonasegwayglides.com\/es\/wp-json\/wp\/v2\/types\/page"}],"author":[{"embeddable":true,"href":"https:\/\/barcelonasegwayglides.com\/es\/wp-json\/wp\/v2\/users\/1"}],"replies":[{"embeddable":true,"href":"https:\/\/barcelonasegwayglides.com\/es\/wp-json\/wp\/v2\/comments?post=338"}],"version-history":[{"count":4,"href":"https:\/\/barcelonasegwayglides.com\/es\/wp-json\/wp\/v2\/pages\/338\/revisions"}],"predecessor-version":[{"id":1090,"href":"https:\/\/barcelonasegwayglides.com\/es\/wp-json\/wp\/v2\/pages\/338\/revisions\/1090"}],"wp:featuredmedia":[{"embeddable":true,"href":"https:\/\/barcelonasegwayglides.com\/es\/wp-json\/wp\/v2\/media\/191"}],"wp:attachment":[{"href":"https:\/\/barcelonasegwayglides.com\/es\/wp-json\/wp\/v2\/media?parent=338"}],"curies":[{"name":"wp","href":"https:\/\/api.w.org\/{rel}","templated":true}]}}