{"id":323,"date":"2022-11-27T13:48:40","date_gmt":"2022-11-27T12:48:40","guid":{"rendered":"https:\/\/barcelonasegwayglides.com\/barcelona-spain-glides\/"},"modified":"2025-04-16T15:13:30","modified_gmt":"2025-04-16T13:13:30","slug":"barcelona-spain-glides","status":"publish","type":"page","link":"https:\/\/barcelonasegwayglides.com\/es\/barcelona-spain-glides\/","title":{"rendered":"Barcelona Spain Glides"},"content":{"rendered":"<p><img loading=\"lazy\" decoding=\"async\" class=\"wp-image-251 size-full\" src=\"https:\/\/barcelonasegwayglides.com\/wp-content\/uploads\/2022\/11\/cabecera-int5.jpg\" alt=\"Barcelona Segway Glides - sobre nosotros\" width=\"1503\" height=\"135\" title=\"\" srcset=\"https:\/\/barcelonasegwayglides.com\/wp-content\/uploads\/2022\/11\/cabecera-int5.jpg 1503w, https:\/\/barcelonasegwayglides.com\/wp-content\/uploads\/2022\/11\/cabecera-int5-300x27.jpg 300w, https:\/\/barcelonasegwayglides.com\/wp-content\/uploads\/2022\/11\/cabecera-int5-768x69.jpg 768w, https:\/\/barcelonasegwayglides.com\/wp-content\/uploads\/2022\/11\/cabecera-int5-1024x92.jpg 1024w\" sizes=\"auto, (max-width: 1503px) 100vw, 1503px\" \/><\/p>\n<h2>Primer Segway Tour Oficial en Espa\u00f1a<\/h2>\n<p>Barcelona Segway Glides es la primera empresa de tours en Segway en Espa\u00f1a y una de las primeras en Europa desde 2005. Barcelona Segway glider fue fundada por Edgar Torras.<\/p>\n<p>Creo firmemente que tienes que trabajar en lo que te gusta hacer ya que pasar\u00e1s mucho tiempo haci\u00e9ndolo cada d\u00eda. Me gusta mucho conocer gente nueva as\u00ed que hacer tours en Segway es el trabajo perfecto.<\/p>\n<p>Llevo nueve a\u00f1os haciendo tours en Segway y todav\u00eda voy a trabajar con una sonrisa en la boca cada d\u00eda.<\/p>\n<p>Cada d\u00eda me permite conocer gente de todo el mundo con ganas de aprender sobre Barcelona y pasarlo bien. Esta gente es una ventana al mundo para m\u00ed y a veces tienen historias incre\u00edbles que contar.<\/p>\n<p>He conocido a un oficial de la marina inglesa que vivi\u00f3 los ataques de los Kamikazes japoneses a su barco; un veterano de la guerra de Vietnam que pas\u00f3 dos a\u00f1os en la selva; el marinero con una sola pierna que naveg\u00f3 durante semanas por la Ant\u00e1rtida en un velero del siglo XIX; el dise\u00f1ador de coches que imagina los coches que conduciremos dentro de 15 a\u00f1os; el empresario ingl\u00e9s que vendi\u00f3 la empresa para navegar alrededor del mundo y encontr\u00f3 el amor en Tailandia donde ahora regenta un peque\u00f1o hotel junto al mar &#8230;<\/p>\n<p>Me considero muy afortunado de haber conocido toda esta gente.<\/p>\n<p>Me gusta tratar a mis clientes como amigos que han venido de visita a Barcelona. Me permite ense\u00f1ar la ciudad pero al mismo tiempo conocernos un poco. Lo tengo todo organizado para poder hacer lo que me gusta, conocer gente y contar cosas sobre Barcelona y los Catalanes.<\/p>\n<figure id=\"attachment_248\" aria-describedby=\"caption-attachment-248\" style=\"width: 1024px\" class=\"wp-caption aligncenter\"><img loading=\"lazy\" decoding=\"async\" class=\"wp-image-243 size-full\" src=\"https:\/\/barcelonasegwayglides.com\/wp-content\/uploads\/2022\/11\/segway-tour-barcelona-ed.jpg\" alt=\"Barcelona Segway Glides es el primer tour en segway en Espa\u00f1a\" width=\"1024\" height=\"320\" title=\"\" srcset=\"https:\/\/barcelonasegwayglides.com\/wp-content\/uploads\/2022\/11\/segway-tour-barcelona-ed.jpg 1024w, https:\/\/barcelonasegwayglides.com\/wp-content\/uploads\/2022\/11\/segway-tour-barcelona-ed-300x94.jpg 300w, https:\/\/barcelonasegwayglides.com\/wp-content\/uploads\/2022\/11\/segway-tour-barcelona-ed-768x240.jpg 768w\" sizes=\"auto, (max-width: 1024px) 100vw, 1024px\" \/><figcaption id=\"caption-attachment-248\" class=\"wp-caption-text\">Barcelona Segway Glides es el primer tour en segway en Espa\u00f1a.<\/figcaption><\/figure>\n","protected":false},"excerpt":{"rendered":"<p>Primer Segway Tour Oficial en Espa\u00f1a Barcelona Segway Glides es la primera empresa de tours en Segway en Espa\u00f1a y una de las primeras en Europa desde 2005. Barcelona Segway [&#8230;]<\/p>\n<p><a class=\"btn btn-secondary understrap-read-more-link more-link\" href=\"https:\/\/barcelonasegwayglides.com\/es\/barcelona-spain-glides\/\"> Read More<span class=\"screen-reader-text\"> from Barcelona Spain Glides<\/span><\/a><\/p>\n","protected":false},"author":1,"featured_media":248,"parent":0,"menu_order":0,"comment_status":"closed","ping_status":"closed","template":"","meta":{"_acf_changed":false,"_joinchat":[],"footnotes":""},"class_list":["post-323","page","type-page","status-publish","has-post-thumbnail","hentry"],"acf":[],"_links":{"self":[{"href":"https:\/\/barcelonasegwayglides.com\/es\/wp-json\/wp\/v2\/pages\/323","targetHints":{"allow":["GET"]}}],"collection":[{"href":"https:\/\/barcelonasegwayglides.com\/es\/wp-json\/wp\/v2\/pages"}],"about":[{"href":"https:\/\/barcelonasegwayglides.com\/es\/wp-json\/wp\/v2\/types\/page"}],"author":[{"embeddable":true,"href":"https:\/\/barcelonasegwayglides.com\/es\/wp-json\/wp\/v2\/users\/1"}],"replies":[{"embeddable":true,"href":"https:\/\/barcelonasegwayglides.com\/es\/wp-json\/wp\/v2\/comments?post=323"}],"version-history":[{"count":1,"href":"https:\/\/barcelonasegwayglides.com\/es\/wp-json\/wp\/v2\/pages\/323\/revisions"}],"predecessor-version":[{"id":418,"href":"https:\/\/barcelonasegwayglides.com\/es\/wp-json\/wp\/v2\/pages\/323\/revisions\/418"}],"wp:featuredmedia":[{"embeddable":true,"href":"https:\/\/barcelonasegwayglides.com\/es\/wp-json\/wp\/v2\/media\/248"}],"wp:attachment":[{"href":"https:\/\/barcelonasegwayglides.com\/es\/wp-json\/wp\/v2\/media?parent=323"}],"curies":[{"name":"wp","href":"https:\/\/api.w.org\/{rel}","templated":true}]}}