{"id":318,"date":"2022-11-27T13:59:19","date_gmt":"2022-11-27T12:59:19","guid":{"rendered":"https:\/\/barcelonasegwayglides.com\/faqs\/"},"modified":"2023-03-05T17:13:28","modified_gmt":"2023-03-05T16:13:28","slug":"faqs","status":"publish","type":"page","link":"https:\/\/barcelonasegwayglides.com\/es\/faqs\/","title":{"rendered":"FAQs"},"content":{"rendered":"<h2>Sobre los recorridos<\/h2>\n<p>&nbsp;<\/p>\n<h3>\u00bfC\u00f3mo reservo y d\u00f3nde nos encontramos?<\/h3>\n<p>Es necesario reservar para todos los Barcelona Glides Tours y se puede hacer online aqu\u00ed o por tel\u00e9fono a trav\u00e9s del siguiente n\u00famero +34 935 504 873. Todos los tours comienzan en Carrer d&#8217;En Groc 2, en el Barrio G\u00f3tico.<\/p>\n<h3>\u00bfCu\u00e1nto dura el recorrido?<\/h3>\n<p>Los recorridos m\u00e1s populares suelen durar entre 2 y 3 horas (incluido el entrenamiento de seguridad).<\/p>\n<h3>\u00bfCon cu\u00e1nta anticipaci\u00f3n debo reservar?<\/h3>\n<p>Siempre puedes consultar si hay plazas disponibles el mismo d\u00eda. Sin embargo, es muy posible que los recorridos est\u00e9n llenos. Le sugerimos que reserve con la mayor anticipaci\u00f3n posible para asegurar la fecha y el horario del recorrido deseados.<\/p>\n<h3>\u00bfSon seguros los Segway\u00ae PT para personas con discapacidades?<\/h3>\n<p>Montar un Segway\u00ae PT es relativamente f\u00e1cil de hacer y aprender. Incluso los ni\u00f1os pueden hacerlo (echa un vistazo a la siguiente pregunta). Los ciclistas deben tener la capacidad de realizar movimientos como subir y bajar escaleras sin ayuda. El Segway\u00ae PT no es adecuado para personas que pesen menos de 35 kg (77 libras) o m\u00e1s de 130 kg (280 libras). Cada uno de nuestros recorridos comienza con una sesi\u00f3n de capacitaci\u00f3n de 10 minutos en la plaza al lado de nuestra oficina. Practicaremos en el Segway\u00ae PT para que todos se sientan c\u00f3modos y preparados para salir a conquistar Barcelona.<\/p>\n<h3>\u00bfCu\u00e1l es la edad m\u00ednima para conducir un Segway en Barcelona?<\/h3>\n<p>Seg\u00fan la normativa local de Barcelona, todos los usuarios de Segway PT, tambi\u00e9n como conductores de eScooters, deben tener al menos 16 a\u00f1os de edad. Si tienes hijos de 10 a 15 a\u00f1os. podemos ofrecer una bicicleta el\u00e9ctrica en su lugar, para que puedan ir de gira juntos. El precio del tour sigue siendo el mismo. Lo sentimos, pero no hay excepciones para la edad m\u00ednima, esta es la Ley.<\/p>\n<p>En otras ciudades donde tambi\u00e9n operamos tours en segway, como <a title=\"Lisbon Segway Tours\" href=\"https:\/\/eurosegway.pt\/\" target=\"_blank\" rel=\"noopener\">Lisboa<\/a>, < a title=\"Prague Segway Tours\" href=\"https:\/\/prague-segway-tours.com\/\" target=\"_blank\" rel=\"noopener\">Praga<\/a> y <a title=\"Budapest Segway Tours by Get Segway\" href=\"https:\/\/getsegway.hu\/\" target=\"_blank\" rel=\"noopener\">Budapest<\/a>, no existen tales restricciones de edad.<\/p>\n<h2>Informaci\u00f3n t\u00e9cnica<\/h2>\n<h3>\u00bfQu\u00e9 es el Transporte Personal Segway?<\/h3>\n<p>El Segway Personal Transporter (Segway\u00ae PT) es el primer dispositivo de transporte el\u00e9ctrico con autoequilibrio. Con dimensiones no mayores que el cuerpo de un adulto promedio y la capacidad de emular el equilibrio humano, el Segway\u00ae PT utiliza el mismo espacio que un peat\u00f3n y puede ir a donde una persona pueda caminar.<\/p>\n<p>&nbsp;<\/p>\n<h3>\u00bfC\u00f3mo funciona el Segway\u00ae PT?<\/h3>\n<p>La estabilizaci\u00f3n din\u00e1mica es la esencia del Segway\u00ae PT. La estabilizaci\u00f3n din\u00e1mica permite que el Segway\u00ae PT funcione a la perfecci\u00f3n con los movimientos del cuerpo. Los giroscopios y los sensores de inclinaci\u00f3n de la unidad controlan el centro de gravedad del ciclista unas 100 veces por segundo. Cuando el conductor se inclina ligeramente hacia adelante, el Segway\u00ae PT avanza. Cuando el conductor se inclina ligeramente hacia atr\u00e1s, el Segway\u00ae PT se mueve hacia atr\u00e1s.<\/p>\n<p>&nbsp;<\/p>\n<h3>\u00bfQu\u00e9 tan seguro es el Segway\u00ae PT?<\/h3>\n<p>Se ha puesto el m\u00e1ximo cuidado e investigaci\u00f3n para garantizar que el Segway\u00ae PT sea seguro. La tecnolog\u00eda de equilibrio del Segway\u00ae PT es verdaderamente revolucionaria y proporciona una experiencia de conducci\u00f3n excepcional. El Segway\u00ae PT tiene sistemas redundantes y alertas sofisticadas integradas en su dise\u00f1o, y muchas miles de horas de uso han demostrado que el Segway\u00ae PT es seguro cuando se usa correctamente. Es importante que los pasajeros del Segway\u00ae PT entiendan su responsabilidad de conducir con seguridad. El nivel de habilidad adecuado y la comprensi\u00f3n del Segway\u00ae PT previenen lesiones causadas por la p\u00e9rdida de control o el mal uso. \u00bfSe cancelan los tours en caso de lluvia? S\u00ed, paramos si llueve. Deslizarse bajo la lluvia no es ni la mitad de divertido que en los d\u00edas soleados. Haremos todo lo posible para encontrar un d\u00eda alternativo. Por supuesto, no es culpa tuya si llueve, por lo que el dinero del dep\u00f3sito se reembolsar\u00e1 en caso de lluvia.<\/p>\n<p>&nbsp;<\/p>\n<h3>\u00bfC\u00f3mo encender un Segway?<\/h3>\n<p>El Segway PT funciona con una tecla, llamada infokey. Este es un control remoto electr\u00f3nico con una pantalla y 4 botones. Est\u00e1 programado de f\u00e1brica para exigir el segway mediante un n\u00famero de serie y no puede iniciar otro segway. Si se perdi\u00f3 la tecla de informaci\u00f3n, solo los distribuidores especiales pueden programar una nueva tecla de informaci\u00f3n. Adem\u00e1s, nuestro socio <a title=\"Leer y escribir infokeys de Segway\" href=\"https:\/\/infokeysafe.com\/\" target=\"_blank\" rel=\"noopener\">infokey safe<\/a> podr\u00eda guardar y restaurar la infokey.<\/p>\n","protected":false},"excerpt":{"rendered":"<p>Sobre los recorridos &nbsp; \u00bfC\u00f3mo reservo y d\u00f3nde nos encontramos? Es necesario reservar para todos los Barcelona Glides Tours y se puede hacer online aqu\u00ed o por tel\u00e9fono a trav\u00e9s [&#8230;]<\/p>\n<p><a class=\"btn btn-secondary understrap-read-more-link more-link\" href=\"https:\/\/barcelonasegwayglides.com\/es\/faqs\/\"> Read More<span class=\"screen-reader-text\"> from FAQs<\/span><\/a><\/p>\n","protected":false},"author":1,"featured_media":0,"parent":0,"menu_order":0,"comment_status":"closed","ping_status":"closed","template":"","meta":{"_acf_changed":false,"_joinchat":[],"footnotes":""},"class_list":["post-318","page","type-page","status-publish","hentry"],"acf":[],"_links":{"self":[{"href":"https:\/\/barcelonasegwayglides.com\/es\/wp-json\/wp\/v2\/pages\/318","targetHints":{"allow":["GET"]}}],"collection":[{"href":"https:\/\/barcelonasegwayglides.com\/es\/wp-json\/wp\/v2\/pages"}],"about":[{"href":"https:\/\/barcelonasegwayglides.com\/es\/wp-json\/wp\/v2\/types\/page"}],"author":[{"embeddable":true,"href":"https:\/\/barcelonasegwayglides.com\/es\/wp-json\/wp\/v2\/users\/1"}],"replies":[{"embeddable":true,"href":"https:\/\/barcelonasegwayglides.com\/es\/wp-json\/wp\/v2\/comments?post=318"}],"version-history":[{"count":2,"href":"https:\/\/barcelonasegwayglides.com\/es\/wp-json\/wp\/v2\/pages\/318\/revisions"}],"predecessor-version":[{"id":693,"href":"https:\/\/barcelonasegwayglides.com\/es\/wp-json\/wp\/v2\/pages\/318\/revisions\/693"}],"wp:attachment":[{"href":"https:\/\/barcelonasegwayglides.com\/es\/wp-json\/wp\/v2\/media?parent=318"}],"curies":[{"name":"wp","href":"https:\/\/api.w.org\/{rel}","templated":true}]}}