{"id":425,"date":"2022-11-27T13:59:19","date_gmt":"2022-11-27T12:59:19","guid":{"rendered":"https:\/\/barcelonasegwayglides.com\/faqs\/"},"modified":"2023-03-05T14:29:44","modified_gmt":"2023-03-05T13:29:44","slug":"faqs","status":"publish","type":"page","link":"https:\/\/barcelonasegwayglides.com\/de\/faqs\/","title":{"rendered":"FAQs"},"content":{"rendered":"<h2>\u00dcber die Touren<\/h2>\n<p>&nbsp;<\/p>\n<h3>Wie buche ich und wo treffen wir uns?<\/h3>\n<p>Reservierungen sind f\u00fcr alle Barcelona Glides Tours erforderlich und k\u00f6nnen online hier oder telefonisch unter der folgenden Nummer +34 935 504 873 vorgenommen werden. Alle Touren beginnen an der Carrer d&#8217;En Groc 2 im Gotischen Viertel.<\/p>\n<p>&nbsp;<\/p>\n<h3>Wie lange dauert die Tour?<\/h3>\n<p>Die beliebtesten Touren dauern in der Regel etwa 2-3 Stunden (einschlie\u00dflich Sicherheitstraining).<\/p>\n<p>&nbsp;<\/p>\n<h3>Wie lange im Voraus muss ich reservieren?<\/h3>\n<p>Sie k\u00f6nnen jederzeit pr\u00fcfen, ob am selben Tag Pl\u00e4tze verf\u00fcgbar sind. Es ist jedoch durchaus m\u00f6glich, dass die Touren voll sind. Wir empfehlen Ihnen, so viel wie m\u00f6glich im Voraus zu reservieren, um Ihr gew\u00fcnschtes Datum und Ihre Tourzeit zu sichern.<\/p>\n<p>&nbsp;<\/p>\n<h3>Sind Segway\u00ae PT sicher f\u00fcr Menschen mit Behinderungen?<\/h3>\n<p>Das Fahren eines Segway\u00ae PT ist relativ einfach zu machen und zu lernen. Sogar Kinder k\u00f6nnen es (siehe n\u00e4chste Frage). Die Fahrer sollten in der Lage sein, Bewegungen wie Treppensteigen und Treppensteigen ohne Hilfe auszuf\u00fchren. Der Segway\u00ae PT ist nicht geeignet f\u00fcr Personen mit einem Gewicht unter 35 kg (77 lbs) oder \u00fcber 130 kg (280 lbs). Jede unserer Touren beginnt mit einer 10-min\u00fctigen Trainingseinheit auf dem Platz neben unserem B\u00fcro. Wir werden auf dem Segway\u00ae PT \u00fcben, damit sich alle wohlf\u00fchlen und bereit sind, loszuziehen und Barcelona zu erobern.<\/p>\n<p>&nbsp;<\/p>\n<h3>Was ist das Mindestalter, um in Barcelona einen Segway zu fahren?<\/h3>\n<p>Gem\u00e4\u00df den \u00f6rtlichen Vorschriften in Barcelona m\u00fcssen alle Segway PT-Fahrer, auch als Fahrer von eScootern, mindestens 16 Jahre alt sein. Wenn Sie Kinder im Alter von 10-15 Jahren haben Wir k\u00f6nnen stattdessen ein E-Bike anbieten, damit Sie gemeinsam auf Tour gehen k\u00f6nnen. Der Preis der Tour bleibt gleich. Es tut uns leid, aber es gibt keine Ausnahmen f\u00fcr das Mindestalter, das ist das Gesetz.<\/p>\n<p>In anderen St\u00e4dten, in denen wir auch Segway-Touren durchf\u00fchren, wie <a title=\"Lissabon Segway-Touren\" href=\"https:\/\/eurosegway.pt\/\" target=\"_blank\" rel=\"noopener\">Lissabon<\/a>, <a title=\"Prag Segway-Touren\" href=\"https:\/\/prague-segway-tours.com\/\" target=\"_blank\" rel=\"noopener\">Prag<\/a> und <a title=\"Budapest Segway-Touren by Get-Segway\" href=\"https:\/\/getsegway.hu\/\" target=\"_blank\" rel=\"noopener\">Budapest<\/a>, es gibt keine solchen Altersbeschr\u00e4nkungen.<\/p>\n<h2>Technische Informationen<\/h2>\n<h3>Was ist der Segway Personal Transporter?<\/h3>\n<p>Der Segway Personal Transporter (Segway\u00ae PT) ist das allererste selbstbalancierende, elektrisch betriebene Transportger\u00e4t. Mit Abmessungen, die nicht gr\u00f6\u00dfer sind als der durchschnittliche K\u00f6rper eines Erwachsenen, und der F\u00e4higkeit, das menschliche Gleichgewicht nachzuahmen, nutzt der Segway\u00ae PT den gleichen Raum wie ein Fu\u00dfg\u00e4nger und kann \u00fcberall hingehen, wo eine Person gehen kann.<\/p>\n<p>&nbsp;<\/p>\n<h3>Wie funktioniert der Segway\u00ae PT?<\/h3>\n<p>Dynamische Stabilisierung ist die Essenz des Segway\u00ae PT. Die dynamische Stabilisierung erm\u00f6glicht es dem Segway\u00ae PT, nahtlos mit den Bewegungen des K\u00f6rpers zu arbeiten. Gyroskope und Neigungssensoren in der Einheit \u00fcberwachen den Schwerpunkt eines Fahrers etwa 100 Mal pro Sekunde. Wenn sich der Fahrer leicht nach vorne lehnt, bewegt sich der Segway\u00ae PT vorw\u00e4rts. Wenn sich der Fahrer leicht nach hinten lehnt, bewegt sich der Segway\u00ae PT r\u00fcckw\u00e4rts.<\/p>\n<p>&nbsp;<\/p>\n<h3>Wie sicher ist der Segway\u00ae PT?<\/h3>\n<p>Die Sicherheit des Segway\u00ae PT wurde mit gr\u00f6\u00dfter Sorgfalt und Forschung sichergestellt. Die Auswuchttechnologie des Segway\u00ae PT ist wirklich revolution\u00e4r und bietet ein au\u00dfergew\u00f6hnliches Fahrerlebnis. Der Segway\u00ae PT verf\u00fcgt \u00fcber redundante Systeme und ausgekl\u00fcgelte Alarme, die in sein Design integriert sind, und viele tausend Betriebsstunden haben gezeigt, dass der Segway\u00ae PT bei sachgem\u00e4\u00dfer Verwendung sicher ist. Es ist wichtig, dass Segway\u00ae PT-Fahrer ihre Verantwortung f\u00fcr sicheres Fahren verstehen. Ein angemessenes K\u00f6nnen und Verst\u00e4ndnis des Segway\u00ae PT beugt Verletzungen vor, die durch Kontrollverlust oder Missbrauch verursacht werden. Werden die Touren bei Regen abgesagt? Ja, wir halten an, wenn es regnet. Im Regen zu gleiten macht nicht halb so viel Spa\u00df wie an sonnigen Tagen. Wir werden unser Bestes tun, um einen anderen Tag zu finden. Nat\u00fcrlich ist es nicht Ihre Schuld, wenn es regnet, daher wird das Pfandgeld bei Regen zur\u00fcckerstattet.<\/p>\n<p>&nbsp;<\/p>\n<h3>Wie schaltet man ein Segway ein?<\/h3>\n<p>Der Segway PT funktioniert mit einer Taste namens infokey. Dies ist eine elektronische Fernbedienung mit einem Display und 4 Tasten. Es ist werkseitig auf einen genauen Segway durch eine Seriennummer programmiert und kann keinen anderen Segway starten. Bei Verlust des Infokeys kann nur der Fachh\u00e4ndler einen neuen Infokey programmieren. Au\u00dferdem kann der Infokey von unserem Partner <a title=\"Lesen und Schreiben von Segway-Infokeys\" href=\"https:\/\/infokeysafe.com\/\" target=\"_blank\" rel=\"noopener\">infokey safe<\/a> gespeichert und wiederhergestellt werden.<\/p>\n","protected":false},"excerpt":{"rendered":"<p>\u00dcber die Touren &nbsp; Wie buche ich und wo treffen wir uns? Reservierungen sind f\u00fcr alle Barcelona Glides Tours erforderlich und k\u00f6nnen online hier oder telefonisch unter der folgenden Nummer [&#8230;]<\/p>\n<p><a class=\"btn btn-secondary understrap-read-more-link more-link\" href=\"https:\/\/barcelonasegwayglides.com\/de\/faqs\/\"> Read More<span class=\"screen-reader-text\"> from FAQs<\/span><\/a><\/p>\n","protected":false},"author":1,"featured_media":0,"parent":0,"menu_order":0,"comment_status":"closed","ping_status":"closed","template":"","meta":{"_acf_changed":false,"_joinchat":[],"footnotes":""},"class_list":["post-425","page","type-page","status-publish","hentry"],"acf":[],"_links":{"self":[{"href":"https:\/\/barcelonasegwayglides.com\/de\/wp-json\/wp\/v2\/pages\/425","targetHints":{"allow":["GET"]}}],"collection":[{"href":"https:\/\/barcelonasegwayglides.com\/de\/wp-json\/wp\/v2\/pages"}],"about":[{"href":"https:\/\/barcelonasegwayglides.com\/de\/wp-json\/wp\/v2\/types\/page"}],"author":[{"embeddable":true,"href":"https:\/\/barcelonasegwayglides.com\/de\/wp-json\/wp\/v2\/users\/1"}],"replies":[{"embeddable":true,"href":"https:\/\/barcelonasegwayglides.com\/de\/wp-json\/wp\/v2\/comments?post=425"}],"version-history":[{"count":3,"href":"https:\/\/barcelonasegwayglides.com\/de\/wp-json\/wp\/v2\/pages\/425\/revisions"}],"predecessor-version":[{"id":688,"href":"https:\/\/barcelonasegwayglides.com\/de\/wp-json\/wp\/v2\/pages\/425\/revisions\/688"}],"wp:attachment":[{"href":"https:\/\/barcelonasegwayglides.com\/de\/wp-json\/wp\/v2\/media?parent=425"}],"curies":[{"name":"wp","href":"https:\/\/api.w.org\/{rel}","templated":true}]}}