{"id":421,"date":"2022-11-27T13:48:40","date_gmt":"2022-11-27T12:48:40","guid":{"rendered":"https:\/\/barcelonasegwayglides.com\/barcelona-segway-gleitet-2\/"},"modified":"2025-10-28T17:16:12","modified_gmt":"2025-10-28T16:16:12","slug":"barcelona-segway-gleitet-2","status":"publish","type":"page","link":"https:\/\/barcelonasegwayglides.com\/de\/barcelona-segway-gleitet-2\/","title":{"rendered":"Barcelona Segway gleitet"},"content":{"rendered":"<p><img loading=\"lazy\" decoding=\"async\" class=\"wp-image-251 size-full\" src=\"https:\/\/barcelonasegwayglides.com\/wp-content\/uploads\/2022\/11\/cabecera-int5.jpg\" alt=\"Barcelona Segway Glides - \u00fcber uns\" width=\"1503\" height=\"135\" title=\"\" srcset=\"https:\/\/barcelonasegwayglides.com\/wp-content\/uploads\/2022\/11\/cabecera-int5.jpg 1503w, https:\/\/barcelonasegwayglides.com\/wp-content\/uploads\/2022\/11\/cabecera-int5-300x27.jpg 300w, https:\/\/barcelonasegwayglides.com\/wp-content\/uploads\/2022\/11\/cabecera-int5-768x69.jpg 768w, https:\/\/barcelonasegwayglides.com\/wp-content\/uploads\/2022\/11\/cabecera-int5-1024x92.jpg 1024w\" sizes=\"auto, (max-width: 1503px) 100vw, 1503px\" \/><\/p>\n<h2>Der erste offizielle Anbieter von Segway-Touren in Spanien<\/h2>\n<p>Barcelona Segway Glides (urspr\u00fcnglich hie\u00df es Barcelona Spain Glides) ist der erste Segway-Reiseveranstalter in Spanien und einer der ersten Segway-Tourenveranstalter in Europa, der seit 2005 Touren anbietet. Barcelona Segway Glides wurde von Edgar Torras gegr\u00fcndet und gef\u00fchrt Gr\u00fcnder und Inhaber des Unternehmens.<\/p>\n<p>Ich glaube, Sie m\u00fcssen arbeiten, um etwas zu tun, das Sie lieben, da Sie jeden Tag viele Stunden damit verbringen werden. Ich liebe es, Leute zu treffen, daher ist Segway-Touren der beste Job f\u00fcr mich. Ich mache sie jetzt seit \u00fcber vierzehn Jahren und gehe immer noch jeden Tag mit einem L\u00e4cheln zur Arbeit. Jeden Tag treffe ich Menschen aus der ganzen Welt, die Barcelona kennenlernen und Spa\u00df haben m\u00f6chten. Dieselben Menschen sind f\u00fcr mich ein Fenster zur Welt, sie haben manchmal erstaunliche Geschichten zu erz\u00e4hlen.<\/p>\n<p>Ich habe einen britischen Marineoffizier getroffen, der im Pazifischen Ozean gegen die japanischen Kamikazes gek\u00e4mpft hat; ein Vietnamkriegsveteran, der zweimal diente, weil er Angst hatte, in die USA zur\u00fcckzukehren; der einbeinige Seemann, der einen Monat lang in einem 150 Jahre alten Segelschiff durch den Antarktischen Ozean navigierte; der Autodesigner, der daran arbeitet, sich die Autos vorzustellen, die wir in 15 Jahren fahren werden; der englische Gesch\u00e4ftsmann, der sein Gesch\u00e4ft verkaufte, um um die Welt zu segeln, seine Liebe in Phucket fand und jetzt ein kleines Hotel am Meer betreibt &#8230; Ich sch\u00e4tze mich sehr gl\u00fccklich, all diese Menschen getroffen zu haben. Ich behandle meine Kunden gerne als Freunde, die nach Barcelona kommen. Es erlaubt mir, mit der Stadt zu prahlen, aber auch einander ein wenig kennenzulernen. Ich habe alles so eingerichtet, dass ich mich auf das konzentrieren kann, was mir gef\u00e4llt, Leute treffen und ihnen von Barcelona und den Katalanen erz\u00e4hlen kann.<\/p>\n<p>Jetzt, nach der COVID-Pandemie, haben wir ein kleines Team professioneller Guides, die den gleichen Geist wie ich teilen und zusammenarbeiten, um unsere Liebe zu Barcelona mit unseren G\u00e4sten zu teilen.<\/p>\n<p>Willkommen in Barcelona, lass uns zusammen gleiten!<\/p>\n<figure id=\"attachment_245\" aria-describedby=\"caption-attachment-245\" style=\"width: 1024px\" class=\"wp-caption aligncenter\"><img loading=\"lazy\" decoding=\"async\" class=\"wp-image-243 size-full\" src=\"https:\/\/barcelonasegwayglides.com\/wp-content\/uploads\/2022\/11\/segway-tour-barcelona-ed.jpg\" alt=\"Segway-Tour in Barcelona von Edgar - Barcelona Segway Glides Tours\" width=\"1024\" height=\"320\" title=\"\" srcset=\"https:\/\/barcelonasegwayglides.com\/wp-content\/uploads\/2022\/11\/segway-tour-barcelona-ed.jpg 1024w, https:\/\/barcelonasegwayglides.com\/wp-content\/uploads\/2022\/11\/segway-tour-barcelona-ed-300x94.jpg 300w, https:\/\/barcelonasegwayglides.com\/wp-content\/uploads\/2022\/11\/segway-tour-barcelona-ed-768x240.jpg 768w\" sizes=\"auto, (max-width: 1024px) 100vw, 1024px\" \/><figcaption id=\"caption-attachment-245\" class=\"wp-caption-text\">Segway-Tour in Barcelona von Edgar &#8211; Barcelona Segway Glides-Touren.<\/figcaption><\/figure>\n","protected":false},"excerpt":{"rendered":"<p>Der erste offizielle Anbieter von Segway-Touren in Spanien Barcelona Segway Glides (urspr\u00fcnglich hie\u00df es Barcelona Spain Glides) ist der erste Segway-Reiseveranstalter in Spanien und einer der ersten Segway-Tourenveranstalter in Europa, [&#8230;]<\/p>\n<p><a class=\"btn btn-secondary understrap-read-more-link more-link\" href=\"https:\/\/barcelonasegwayglides.com\/de\/barcelona-segway-gleitet-2\/\"> Read More<span class=\"screen-reader-text\"> from Barcelona Segway gleitet<\/span><\/a><\/p>\n","protected":false},"author":1,"featured_media":245,"parent":0,"menu_order":0,"comment_status":"closed","ping_status":"closed","template":"","meta":{"_acf_changed":false,"_joinchat":[],"footnotes":""},"class_list":["post-421","page","type-page","status-publish","has-post-thumbnail","hentry"],"acf":[],"_links":{"self":[{"href":"https:\/\/barcelonasegwayglides.com\/de\/wp-json\/wp\/v2\/pages\/421","targetHints":{"allow":["GET"]}}],"collection":[{"href":"https:\/\/barcelonasegwayglides.com\/de\/wp-json\/wp\/v2\/pages"}],"about":[{"href":"https:\/\/barcelonasegwayglides.com\/de\/wp-json\/wp\/v2\/types\/page"}],"author":[{"embeddable":true,"href":"https:\/\/barcelonasegwayglides.com\/de\/wp-json\/wp\/v2\/users\/1"}],"replies":[{"embeddable":true,"href":"https:\/\/barcelonasegwayglides.com\/de\/wp-json\/wp\/v2\/comments?post=421"}],"version-history":[{"count":4,"href":"https:\/\/barcelonasegwayglides.com\/de\/wp-json\/wp\/v2\/pages\/421\/revisions"}],"predecessor-version":[{"id":1143,"href":"https:\/\/barcelonasegwayglides.com\/de\/wp-json\/wp\/v2\/pages\/421\/revisions\/1143"}],"wp:featuredmedia":[{"embeddable":true,"href":"https:\/\/barcelonasegwayglides.com\/de\/wp-json\/wp\/v2\/media\/245"}],"wp:attachment":[{"href":"https:\/\/barcelonasegwayglides.com\/de\/wp-json\/wp\/v2\/media?parent=421"}],"curies":[{"name":"wp","href":"https:\/\/api.w.org\/{rel}","templated":true}]}}