{"id":408,"date":"2022-01-03T20:32:31","date_gmt":"2022-01-03T19:32:31","guid":{"rendered":"https:\/\/barcelonasegwayglides.com\/barcelona-segway-gleitet\/"},"modified":"2025-03-31T23:57:34","modified_gmt":"2025-03-31T21:57:34","slug":"barcelona-segway-gleitet","status":"publish","type":"page","link":"https:\/\/barcelonasegwayglides.com\/de\/","title":{"rendered":"Barcelona Segway Gleitet"},"content":{"rendered":"<p><strong style=\"font-size: 18px;\">Zum ersten Mal in Barcelona? Barcelona Segway Glides bietet Ihnen die M\u00f6glichkeit, die wichtigsten Sehensw\u00fcrdigkeiten Barcelonas auf einfache und unterhaltsame Weise schnell zu entdecken.<\/strong><\/p>\n<p>Nehmen Sie eine der besten Routen, reich an Geschichte und ber\u00fchmten Sehensw\u00fcrdigkeiten, mit einem lokalen Guide auf einem Segway oder eScooter. Erkunden Sie so viel Geschichte, wie Sie m\u00f6chten, und machen Sie tolle Fotos an den besten Aussichtspunkten.<\/p>\n<p><em style=\"float: right;\">Machen Sie Ihre Reise einfach!<\/em><\/p>\n","protected":false},"excerpt":{"rendered":"<p>Zum ersten Mal in Barcelona? Barcelona Segway Glides bietet Ihnen die M\u00f6glichkeit, die wichtigsten Sehensw\u00fcrdigkeiten Barcelonas auf einfache und unterhaltsame Weise schnell zu entdecken. Nehmen Sie eine der besten Routen, [&#8230;]<\/p>\n<p><a class=\"btn btn-secondary understrap-read-more-link more-link\" href=\"https:\/\/barcelonasegwayglides.com\/de\/\"> Read More<span class=\"screen-reader-text\"> from Barcelona Segway Gleitet<\/span><\/a><\/p>\n","protected":false},"author":1,"featured_media":188,"parent":0,"menu_order":0,"comment_status":"closed","ping_status":"closed","template":"template-front-page.php","meta":{"_acf_changed":false,"_joinchat":[],"footnotes":""},"class_list":["post-408","page","type-page","status-publish","has-post-thumbnail","hentry"],"acf":[],"_links":{"self":[{"href":"https:\/\/barcelonasegwayglides.com\/de\/wp-json\/wp\/v2\/pages\/408","targetHints":{"allow":["GET"]}}],"collection":[{"href":"https:\/\/barcelonasegwayglides.com\/de\/wp-json\/wp\/v2\/pages"}],"about":[{"href":"https:\/\/barcelonasegwayglides.com\/de\/wp-json\/wp\/v2\/types\/page"}],"author":[{"embeddable":true,"href":"https:\/\/barcelonasegwayglides.com\/de\/wp-json\/wp\/v2\/users\/1"}],"replies":[{"embeddable":true,"href":"https:\/\/barcelonasegwayglides.com\/de\/wp-json\/wp\/v2\/comments?post=408"}],"version-history":[{"count":3,"href":"https:\/\/barcelonasegwayglides.com\/de\/wp-json\/wp\/v2\/pages\/408\/revisions"}],"predecessor-version":[{"id":999,"href":"https:\/\/barcelonasegwayglides.com\/de\/wp-json\/wp\/v2\/pages\/408\/revisions\/999"}],"wp:featuredmedia":[{"embeddable":true,"href":"https:\/\/barcelonasegwayglides.com\/de\/wp-json\/wp\/v2\/media\/188"}],"wp:attachment":[{"href":"https:\/\/barcelonasegwayglides.com\/de\/wp-json\/wp\/v2\/media?parent=408"}],"curies":[{"name":"wp","href":"https:\/\/api.w.org\/{rel}","templated":true}]}}