{"id":404,"date":"2022-01-03T20:32:31","date_gmt":"2022-01-03T19:32:31","guid":{"rendered":"https:\/\/barcelonasegwayglides.com\/barcelona-segway-glides\/"},"modified":"2025-04-01T00:02:49","modified_gmt":"2025-03-31T22:02:49","slug":"barcelona-segway-glides","status":"publish","type":"page","link":"https:\/\/barcelonasegwayglides.com\/ca\/","title":{"rendered":"Barcelona Segway Glides"},"content":{"rendered":"<p><strong style=\"font-size: 18px;\">Per primera vegada a Barcelona? Barcelona Segway Glides t&#8217;ofereix una opci\u00f3 per descobrir els principals llocs d&#8217;inter\u00e8s de Barcelona r\u00e0pidament d&#8217;una manera f\u00e0cil i divertida.<\/strong><\/p>\n<p>Fes una de les millors rutes, rica en hist\u00f2ria i monuments famosos, amb un guia local en Segway o eScooter. Exploreu tota la hist\u00f2ria com vulgueu i feu grans fotos als millors miradors.<\/p>\n<p><em style=\"float: right;\">Fes el teu viatge f\u00e0cil!<\/em><\/p>\n","protected":false},"excerpt":{"rendered":"<p>Per primera vegada a Barcelona? Barcelona Segway Glides t&#8217;ofereix una opci\u00f3 per descobrir els principals llocs d&#8217;inter\u00e8s de Barcelona r\u00e0pidament d&#8217;una manera f\u00e0cil i divertida. Fes una de les millors [&#8230;]<\/p>\n<p><a class=\"btn btn-secondary understrap-read-more-link more-link\" href=\"https:\/\/barcelonasegwayglides.com\/ca\/\"> Read More<span class=\"screen-reader-text\"> from Barcelona Segway Glides<\/span><\/a><\/p>\n","protected":false},"author":1,"featured_media":304,"parent":0,"menu_order":0,"comment_status":"closed","ping_status":"closed","template":"template-front-page.php","meta":{"_acf_changed":false,"_joinchat":[],"footnotes":""},"class_list":["post-404","page","type-page","status-publish","has-post-thumbnail","hentry"],"acf":[],"_links":{"self":[{"href":"https:\/\/barcelonasegwayglides.com\/ca\/wp-json\/wp\/v2\/pages\/404","targetHints":{"allow":["GET"]}}],"collection":[{"href":"https:\/\/barcelonasegwayglides.com\/ca\/wp-json\/wp\/v2\/pages"}],"about":[{"href":"https:\/\/barcelonasegwayglides.com\/ca\/wp-json\/wp\/v2\/types\/page"}],"author":[{"embeddable":true,"href":"https:\/\/barcelonasegwayglides.com\/ca\/wp-json\/wp\/v2\/users\/1"}],"replies":[{"embeddable":true,"href":"https:\/\/barcelonasegwayglides.com\/ca\/wp-json\/wp\/v2\/comments?post=404"}],"version-history":[{"count":2,"href":"https:\/\/barcelonasegwayglides.com\/ca\/wp-json\/wp\/v2\/pages\/404\/revisions"}],"predecessor-version":[{"id":1001,"href":"https:\/\/barcelonasegwayglides.com\/ca\/wp-json\/wp\/v2\/pages\/404\/revisions\/1001"}],"wp:featuredmedia":[{"embeddable":true,"href":"https:\/\/barcelonasegwayglides.com\/ca\/wp-json\/wp\/v2\/media\/304"}],"wp:attachment":[{"href":"https:\/\/barcelonasegwayglides.com\/ca\/wp-json\/wp\/v2\/media?parent=404"}],"curies":[{"name":"wp","href":"https:\/\/api.w.org\/{rel}","templated":true}]}}