{"id":327,"date":"2022-11-09T16:59:31","date_gmt":"2022-11-09T15:59:31","guid":{"rendered":"https:\/\/barcelonasegwayglides.com\/?page_id=327"},"modified":"2022-11-28T10:16:11","modified_gmt":"2022-11-28T09:16:11","slug":"nota-legal","status":"publish","type":"page","link":"https:\/\/barcelonasegwayglides.com\/ca\/nota-legal\/","title":{"rendered":"Nota Legal"},"content":{"rendered":"<h2>Objete de la Pol\u00edtica de Privacitat<\/h2>\n<p><strong>Barcelona Segway Glides<\/strong>,    informa als   usuaris que compleix amb la vigent normativa de protecci\u00f3   de dades, i amb   car\u00e0cter especial, amb la Llei Org\u00e0nica 15\/1999, del   13 de Desembre, de   Protecci\u00f3 de Dades de Car\u00e0cter Personal, la Llei   34\/2002.<\/p>\n<p>D&#8217;acord amb el   disposat en la normativa vigent, <strong>Barcelona Segway Glides<\/strong> nom\u00e9s recull les dades   estrictament necess\u00e0ries per a oferir els   serveis derivats de la seva activitat   i altres prestacions, serveis i   activitats atribu\u00efdes per la Llei.<\/p>\n<p>La   present pol\u00edtica de protecci\u00f3 de dades podr\u00e0 variar amb   el temps a causa dels   possibles canvis legislatius, jurisprudencials o   dels criteris seguits per   l&#8217;Ag\u00e8ncia Espanyola de Protecci\u00f3 de Dades   i\/o l&#8217;autoritat competent a cada   moment. \u00c9s per aix\u00f2 que <strong>Barcelona Segway Glides<\/strong> es reserva el dret a modificar el   present av\u00eds legal per a adaptar-lo   a novetats legislatives o jurisprudencials   que es troben vigents en   el moment prec\u00eds que s&#8217;accedeixi als websites, aix\u00ed com   a pr\u00e0ctiques   del sector.<\/p>\n<p>En els anteriors sup\u00f2sits <strong>Barcelona Segway Glides<\/strong> anunciar\u00e0 en aquesta p\u00e0gina web, els canvis introdu\u00efts amb la suficient   antelaci\u00f3 a la seva posada en   pr\u00e0ctica.<\/p>\n<p><strong>CONFIDENCIALITAT<\/strong><br \/>\nTotes les dades proporcionades   mitjan\u00e7ant correu   electr\u00f2nic o formularis electr\u00f2nics seran tractats segons la   normativa   vigent sobre protecci\u00f3 de dades personals, i en tot cas tindran el     car\u00e0cter de confidencial pel personal de <strong>Barcelona Segway Glides<\/strong> que gestioni aquesta   informaci\u00f3.<\/p>\n<p><strong>INFORMACI\u00d3 SOBRE LA VOLUNTAT DE DEIXAR LES DADES I LES   SEVES CONSEQ\u00dc\u00c8NCIES<\/strong><br \/>\n<strong>VOLUNTARIETAT<\/strong><br \/>\nS&#8217;informa als usuaris   dels websites, que les respostes a   les preguntes plantejades en els formularis   de recollida de dades   contingudes en la present website tenen car\u00e0cter   voluntari, si b\u00e9 la   negativa a facilitar les dades sol\u00b7licitades pot comportar   la   impossibilitat d&#8217;acc\u00e9s als serveis que ho   requereixin.<\/p>\n<p><strong>CONSEQ\u00dc\u00c8NCIA<\/strong><br \/>\nMitjan\u00e7ant la implementaci\u00f3 dels   formularis inclosos en els diferents websites, relatius a serveis prestats per <strong>Barcelona Segway Glides<\/strong>,   els usuaris accepten la inclusi\u00f3 i tractament de les dades   que   proporcionin en un fitxer de dades de car\u00e0cter personal, del que \u00e9s   titular <strong>Barcelona Segway Glides<\/strong>, podent-se exercir els drets pertinents segons la cl\u00e0usula   seg\u00fcent.<\/p>\n<p><strong>INFORMACI\u00d3 A L&#8217;USUARI SOBRE ELS DRETS DE RECTIFICACI\u00d3, ACC\u00c9S,   OPOSICI\u00d3 I CANCEL\u00b7LACI\u00d3 DE LES SEVES DADES<\/strong><br \/>\nEls usuaris podran   exercitar, respecte de les dades   recaptades en la forma descrita en el punt   anterior, els drets   reconeguts en la Llei Org\u00e0nica 15\/1999, i en particular els   drets   d&#8217;acc\u00e9s, rectificaci\u00f3, oposici\u00f3 i\/o cancel\u00b7laci\u00f3 de dades. Els drets     referits en el par\u00e0graf precedent, podran exercitar-se per cada usuari     mitjan\u00e7ant sol\u00b7licitud escrita i signada, acompanyada de fotoc\u00f2pia de   DNI o   Passaport, dirigida a la seg\u00fcent adre\u00e7a:<\/p>\n<p><strong>A L&#8217;ATENCI\u00d3 DEL RESPONSABLE   DE SEGURETAT<\/strong><br \/>\n<strong>Carrer Pom d&#8217;Or n2  \u00b7 08001 \u00b7 Barcelona \u00b7 Espanya<\/strong> (PROTECCI\u00d3 DE DADES) <br \/>\nAix\u00ed mateix, si un usuari no desitja rebre   informaci\u00f3 via   correu electr\u00f2nic o qualsevol altre mitj\u00e0, podr\u00e0 comunicar-ho,   per   qualsevol mitj\u00e0 del que quedi const\u00e0ncia de la seva recepci\u00f3, a <strong>Barcelona Segway Glides<\/strong>, en l&#8217;adre\u00e7a indicada.<\/p>\n<p><strong>INFORMACI\u00d3 SOBRE LES DADES   QUE ES CONSERVEN, DURANT QUANT TEMPS I AMB QUE FINALITAT<\/strong><br \/>\n<strong>DADES QUE   ES CONSERVEN<\/strong><br \/>\nExclusivament dades de contacte (car\u00e0cter b\u00e0sic), com   s\u00f3n   el nom, cognom i e-mail. Aquesta informaci\u00f3 \u00e9s rebuda per <strong>Barcelona Segway Glides<\/strong> i mai \u00e9s venuda, cedida o arrendada a altres empreses, exceptuant el cas l\u00f2gic   per a la prestaci\u00f3 del servei.<br \/>\n<strong>Barcelona Segway Glides<\/strong> \u00e9s responsable   d&#8217;aquests fitxers de dades de car\u00e0cter personal, creats per i per a <strong>Barcelona Segway Glides<\/strong>,   amb les finalitats de realitzar el manteniment i gesti\u00f3 de   la relaci\u00f3   amb els usuaris, informaci\u00f3 i distribuci\u00f3 dels productes de     l&#8217;organitzaci\u00f3, aix\u00ed com la realitzaci\u00f3 d&#8217;activitats diverses.<\/p>\n<p><strong>AMB   QUINA FINALITAT<\/strong><br \/>\nAix\u00ed mateix, li informem que la informaci\u00f3 de les   bases   de dades podr\u00e0 ser usada per a la identificaci\u00f3 dels usuaris i per a la     realitzaci\u00f3 d&#8217;estudis estad\u00edstics dels usuaris registrats.<br \/>\nDurant el   proc\u00e9s de recollida de dades, i sempre que es   sol\u00b7licitin dades, els usuaris   seran informats del car\u00e0cter obligatori   o voluntari de la recollida de dades i,   en cas que no es dedueixi   impl\u00edcitament del formulari electr\u00f2nic en q\u00fcesti\u00f3, de   la necessitat   d&#8217;implementaci\u00f3 dels mateixos per a l&#8217;acc\u00e9s dels usuaris a   determinats   continguts facilitats en els websites.<br \/>\nEn el seu cas, es   sol\u00b7licitar\u00e0 als usuaris el seu consentiment perqu\u00e8 <strong>Barcelona Segway Glides<\/strong> pugui fer   \u00fas de les seves dades a fi de remetre-li informaci\u00f3   relativa a l&#8217;entitat, a les   activitats que desenvolupa o a altres   temes relacionats.<\/p>\n<p><strong>COMPROM\u00cdS DE   L&#8217;USUARI PERQU\u00c8 LES SEVES DADES ESTIGUIN INSCRITS EN UN   FITXER<\/strong><br \/>\nL&#8217;introduir les dades en alguna o algunes de les fulles de     captaci\u00f3 de dades implica l&#8217;acceptar les presents condicions d&#8217;\u00fas i   pol\u00edtica de   pricitat, donant per ent\u00e8s que ha estat informat de les   condicions d&#8217;\u00fas i av\u00eds   legal de les mateixes i que es compromet al seu   sencer compliment durant la   navegaci\u00f3 i participaci\u00f3 a   www.barcelonasegwayglides.com.<\/p>\n<p><strong>EVITAR LA   TRANSMISSI\u00d3 DE DADES A TERCERES EMPRESES SENSE CONSENTIMENT EXPR\u00c9S DE   L&#8217;USUARI<\/strong><br \/>\nAix\u00ed mateix, i tret que s&#8217;hagi informat a l&#8217;usuari de la     possible exist\u00e8ncia de cessions de les seves dades a tercers, i s&#8217;hagi   recaptat   el seu consentiment a les mateixes, en cap cas, excepte els   casos emparats per   la legislaci\u00f3 vigent, cap tercer ali\u00e8 a <strong>Barcelona Segway Glides<\/strong> tindr\u00e0 acc\u00e9s, sense   el consentiment expr\u00e9s dels usuaris, a les seves   dades personals i\/o de   navegaci\u00f3. En la resta dels casos <strong>Barcelona Segway Glides<\/strong> col\u00b7laborar\u00e0 perqu\u00e8 els   tercers compleixin amb la legislaci\u00f3 vigent,   si b\u00e9 la responsabilitat ser\u00e0   exigible als citats tercers.<br \/>\n<strong>Barcelona Segway Glides<\/strong> no ven, lloga o cedeix   les   dades personals dels usuaris d&#8217;aquesta web, a excepci\u00f3 del cas que sigui     necessari per a la pr\u00f2pia prestaci\u00f3 del servei.<br \/>\n<strong>Barcelona Segway Glides<\/strong> no   ven, lloga o cedeix els   e-mails dels seus usuaris a altres empreses, a excepci\u00f3   del cas que   sigui necessari per a la pr\u00f2pia prestaci\u00f3 del   servei.<\/p>\n<p><strong>BAIXA DE LA LLISTA DE DISTRIBUCI\u00d3   D&#8217;INFORMACI\u00d3<\/strong><br \/>\nOcasionalment, <strong>Barcelona Segway Glides<\/strong> envia un e-mail   notificant millores, novetats o ofertes, que es produeixin en aquesta p\u00e0gina web   de <strong>Barcelona Segway Glides<\/strong>.<br \/>\nEn qualsevol moment poden donar-se de baixa enviant   un e-mail a <strong>info@barcelonasegwayglides.com<\/strong> (consignar l&#8217;adre\u00e7a pel   departament corresponent).<\/p>\n<p><strong>RESPONSABILITAT DELS USUARIS PER \u00daS I   CONTINGUT<\/strong><br \/>\nTant l&#8217;acc\u00e9s als websites com l&#8217;\u00fas que pugui realitzar-se     de la informaci\u00f3 i continguts inclosos en els mateixos, ser\u00e0   d&#8217;exclusiva   responsabilitat de qui ho realitzi.<br \/>\nPer tant, l&#8217;\u00fas que pugui fer-se de la   informaci\u00f3,   imatges, continguts i\/o productes ressenyats i accessibles a trav\u00e9s     del mateix, estar\u00e0 supeditada a la legalitat, sigui nacional o   internacional,   aplicable, aix\u00ed com als principis de bona fe i \u00fas l\u00edcit   per part dels usuaris,   els quals seran enterament responsables   d&#8217;aquest acc\u00e9s i correcte \u00fas.<br \/>\nEls   usuaris estaran obligats a fer un \u00fas raonable dels   serveis o continguts, sota el   principi de bona fe i amb respecte a la   legalitat vigent, a la moral, a l&#8217;ordre   p\u00fablic, als bons costums, als   drets de tercers o de la pr\u00f2pia <strong>Barcelona Segway Glides<\/strong>, tot aix\u00f2 segons les possibilitats i fins per als quals estan   concebuts.<br \/>\n<strong>Barcelona Segway Glides<\/strong> no assumeix responsabilitats,   ja siguin   directes o indirectes, per dany emergent o lucre cessant,   derivades del mal \u00fas   dels serveis o continguts realitzat pels usuaris o   tercers.<\/p>\n<p><strong>INFORMACI\u00d3   LSSI-CE<\/strong><br \/>\nEn compliment del deure d&#8217;informaci\u00f3 contemplat en   l&#8217;article   10 de la vigent Llei 34\/2002, del 11 de juliol, de Serveis   de la Societat de la   Informaci\u00f3 i de Comer\u00e7 Electr\u00f2nic, li comuniquem   que el responsable de la web,   des d&#8217;on pot descarregar diferents   aplicacions, \u00e9s <strong>Barcelona Segway Glides<\/strong>, amb <strong>Nif B63840573<\/strong>, amb domicili a la <strong>Carrer Pom d&#8217;Or n2  \u00b7   08001 \u00b7 Barcelona \u00b7 Espanya<\/strong>, amb domini d&#8217;Internet <strong>www.barcelonasegwayglides.com<\/strong>,   inscrit en el registre corresponent,   atenent a comunicacions dels   usuaris i\/o interessats a la seg\u00fcent adre\u00e7a de   correu electr\u00f2nic: <strong>info@barcelonasegwayglides.com<\/strong>.<\/p>\n<p><strong>CONCEPTE   D&#8217;USUARI<\/strong><br \/>\nLa utilitzaci\u00f3 de la web atribueix la condici\u00f3 d&#8217;usuari, i     implica l&#8217;acceptaci\u00f3 plena i sense reserves de totes i cadascuna de   les   disposicions incloses en aquest Av\u00eds Legal en la versi\u00f3 publicada   per <strong>Barcelona Segway Glides<\/strong> en el mateix moment que l&#8217;usuari   accedeixi a la web. En   conseq\u00fc\u00e8ncia, l&#8217;usuari deu llegir atentament el   present Av\u00eds Legal en cadascuna   de les ocasions que es proposi   utilitzar la web, ja que pot patir   modificacions.<\/p>\n<p><strong>INFORMACI\u00d3 SOBRE ELS   LINKS<\/strong><br \/>\n<strong>Barcelona Segway Glides<\/strong> no es fa responsable de les   webs no pr\u00f2pies   a les quals es pot accedir mitjan\u00e7ant vincles &#8220;links&#8221; o   de qualsevol contingut   posat a disposici\u00f3 per tercers.<br \/>\nQualsevol \u00fas d&#8217;un vincle o acc\u00e9s a una   web no pr\u00f2pia \u00e9s realitzat per voluntat i risc exclusiu de l&#8217;usuari i <strong>Barcelona Segway Glides<\/strong> no recomana ni garanteix cap informaci\u00f3 obtinguda a trav\u00e9s   d&#8217;un vincle ali\u00e8 a <strong>Barcelona Segway Glides<\/strong>,   ni es responsabilitza de cap p\u00e8rdua,   reclamaci\u00f3 o perjudici derivat   de l&#8217;\u00fas o mal \u00fas d&#8217;un vincle, o de la informaci\u00f3   obtinguda a trav\u00e9s   d&#8217;ell, incloent altres vincles o webs, de la interrupci\u00f3 en   el servei o   en l&#8217;acc\u00e9s, o de l&#8217;intent d&#8217;usar o usar malament un vincle, tant al     connectar a la web de <strong>Barcelona Segway Glides<\/strong>, com a l&#8217;accedir a la informaci\u00f3   d&#8217;altres webs des de la web de <strong>Barcelona Segway Glides<\/strong>.<\/p>\n<p><strong>INFORMACI\u00d3 SOBRE LA   UTILITZACI\u00d3 DE COOKIES<\/strong><br \/>\nEn aquesta web es poden estar utilitzant   cookies en algunes p\u00e0gines.<br \/>\nLa finalitat d&#8217;aquestes cookies \u00e9s millorar   el servei que ofereixen als seus clients i als nostres visitants..<br \/>\nLes   cookies s\u00f3n petits fitxers de dades que es generen en   l&#8217;ordinador de l&#8217;usuari i   que permeten obtenir la seg\u00fcent informaci\u00f3:<br \/>\n* Data i hora de l&#8217;\u00faltima   vegada que l&#8217;usuari va visitar la web.<br \/>\n* Disseny de contingut que l&#8217;usuari va   escollir en la seva primera visita a la web.<br \/>\n* Elements de seguretat que   intervenen en el control d&#8217;acc\u00e9s a les \u00e0rees restringides.<\/p>\n<p><strong>REN\u00daNCIA I   LIMITACI\u00d3 DE LA RESPONSABILITAT<\/strong><br \/>\nLa informaci\u00f3 i serveis inclosos o   disponibles a trav\u00e9s   de les p\u00e0gines web poden incloure incorreccions o errors   tipogr\u00e0fics.<br \/>\nDe forma peri\u00f2dica s&#8217;incorporen canvis a la informaci\u00f3   continguda.<br \/>\n<strong>Barcelona Segway Glides<\/strong> pot introduir en qualsevol moment millores   i\/o canvis en els serveis o continguts.<br \/>\n<strong>Barcelona Segway Glides<\/strong> ha obtingut la   informaci\u00f3 i   els materials inclosos a la web de fonts considerades com a   fiables,   per\u00f2, si b\u00e9 s&#8217;han pres les mesures corresponents per a assegurar que la     informaci\u00f3 continguda sigui correcta, no garanteix que sigui exacta i     actualitzada.<br \/>\nTamb\u00e9 s&#8217;adverteix que els continguts d&#8217;aquesta web, tenen     finalitat informativa en quant a la qualitat, situaci\u00f3, allotjament,   serveis i   tarifes de <strong>Barcelona Segway Glides<\/strong>.<\/p>\n<p><strong>INFORMACI\u00d3 SOBRE LA EXEMPCI\u00d3 DE TOTA LA   RESPONSABILITAT DERIVADA D&#8217;UNA FALLADA T\u00c8CNICA I DE   CONTINGUT<\/strong><br \/>\n<strong>Barcelona Segway Glides<\/strong> declina qualsevol   responsabilitat en cas   que existeixin interrupcions o un mal   funcionament dels serveis o continguts   oferts a Internet, qualsevol   que sigui la seva causa. Aix\u00ed mateix, <strong>Barcelona Segway Glides<\/strong> no es   fa responsable per caigudes de la xarxa, p\u00e8rdues de   negoci a   conseq\u00fc\u00e8ncia d&#8217;aquestes caigudes, suspensions temporals del fluid     el\u00e8ctric o qualsevol altre tipus de dany indirecte que li pugui ser   causat als   usuaris per causes alienes a <strong>Barcelona Segway Glides<\/strong>.<br \/>\n<strong>Barcelona Segway Glides<\/strong> no   declara ni garanteix que   els serveis o continguts siguin interromputs o que   estiguin lliures   d&#8217;errors, que els defectes siguin corregits, o que el servei o   el   servidor que ho posa a disposici\u00f3 estiguin lliures de virus o altres     components nocius, sense perjudici de que <strong>Barcelona Segway Glides<\/strong> realitza els seus   millors esfor\u00e7os per a evitar aquest tipus d&#8217;incidents.<br \/>\nEn cas que   l&#8217;usuari prengu\u00e9s determinades decisions o   realitz\u00e9s accions amb base a la   informaci\u00f3 inclosa en qualsevol dels   websites, es recomana la comprovaci\u00f3 de la   informaci\u00f3 rebuda amb   altres fonts.<\/p>\n<p><strong>PROPIETAT INDUSTRIAL I   INTEL\u00b7LECTUAL<\/strong><br \/>\nEls continguts prestats per <strong>Barcelona Segway Glides<\/strong>,   aix\u00ed   com els continguts abocats en la xarxa a trav\u00e9s de les seves   p\u00e0gines web,   constitueixen una obra en el sentit de la legislaci\u00f3   sobre propietat   intel\u00b7lectual pel que es troben protegits per les   lleis i convenis   internacionals aplicables en la mat\u00e8ria.<br \/>\nQueda prohibida qualsevol forma   de reproducci\u00f3,   distribuci\u00f3, comunicaci\u00f3 p\u00fablica, transformaci\u00f3, posada a   disposici\u00f3   i, en general, qualsevol altre acte d&#8217;explotaci\u00f3 p\u00fablica referit tant   a   les p\u00e0gines web com als seus continguts i informaci\u00f3, sense l&#8217;expr\u00e9s i   previ   consentiment i per escrit de <strong>Barcelona Segway Glides<\/strong>.<br \/>\nEn conseq\u00fc\u00e8ncia, tots els   continguts que es mostren en   els diferents websites i especialment, dissenys,   textos, gr\u00e0fics,   logotips, icones, botons, programari, noms comercials, marques,     dibuixos industrials o qualsevol altre signe susceptible d&#8217;utilitzaci\u00f3     industrial i comercial, estan subjectes a drets de propietat   intel\u00b7lectual i   industrial de <strong>Barcelona Segway Glides<\/strong> o de tercers titulars dels mateixos que han   autoritzat degudament la seva inclusi\u00f3 en els diferents websites.<br \/>\nEls   continguts, imatges, formes, opinions, \u00edndexs i   altres expressions formals que   formin part de les p\u00e0gines web, aix\u00ed   com el programari necessari per al   funcionament i visualitzaci\u00f3 de les   mateixes, constitueixen aix\u00ed mateix una obra   en el sentit del Dret   d&#8217;Autor i queden, per tant, protegides per les convencions     internacionals i legislacions nacionals en mat\u00e8ria de Propietat   intel\u00b7lectual   que resultin aplicables. L&#8217;incompliment de l&#8217;assenyalat   implica la comissi\u00f3 de   greus actes il\u00b7l\u00edcits i la seva sanci\u00f3 per la   legislaci\u00f3 civil i   penal.<br \/>\nQueda prohibit tot acte per virtut del qual els usuaris   dels   serveis o continguts puguin explotar o servir-se comercialment,   directa o   indirectament, en la seva totalitat o parcialment, de   qualsevol dels continguts,   imatges, formes, \u00edndexs i altres   expressions formals que formin part de les   p\u00e0gines web sense perm\u00eds   previ i per escrit de &#8216;<strong>Barcelona Segway Glides<\/strong>.<br \/>\nEn   concret, i sense car\u00e0cter exhaustiu, queden prohibits   els actes de reproducci\u00f3,   distribuci\u00f3, exhibici\u00f3, transmissi\u00f3,   retransmissi\u00f3, emissi\u00f3 en qualsevol forma,   emmagatzematge en suports   f\u00edsics o l\u00f2gics (per exemple, disquets o disc dur   d&#8217;ordinadors),   digitalitzaci\u00f3 o posada a disposici\u00f3 des de bases de dades   diferents   de les pertanyents a les autoritzades per <strong>Barcelona Segway Glides<\/strong>,   aix\u00ed com   la seva traducci\u00f3, adaptaci\u00f3, arranjament o qualsevol altra   transformaci\u00f3   d&#8217;aquestes opinions, imatges, formes, \u00edndexs i altres   expressions formals que es   posin a la disposici\u00f3 dels usuaris a trav\u00e9s   dels serveis o continguts, en tant   tals actes estiguin sotmesos a la   legislaci\u00f3 aplicable en mat\u00e8ria de Propietat   intel\u00b7lectual, industrial   o de protecci\u00f3 de la imatge.<br \/>\n<strong>Barcelona Segway Glides<\/strong> \u00e9s lliure de limitar l&#8217;acc\u00e9s a   les p\u00e0gines web, i als productes i\/o serveis en   elles oferts, aix\u00ed   com la conseg\u00fcent publicaci\u00f3 de les opinions, observacions,   imatges o   comentaris que els usuaris puguin fer-li arribar a trav\u00e9s de   l&#8217;e-mail.<br \/>\n<strong>Barcelona Segway Glides<\/strong>, en aquest sentit, podr\u00e0   establir, si ho   considera oport\u00fa, sense perjudici de l&#8217;\u00fanica i   exclusiva responsabilitat dels   usuaris, els filtres necessaris a fi   d&#8217;evitar que a trav\u00e9s de les seves p\u00e0gines   web puguin abocar-se a la   xarxa continguts o opinions, considerats com racistes,   xen\u00f2fobs,   discriminatoris, pornogr\u00e0fics, difamatoris o que, de qualsevol manera,     fomentin la viol\u00e8ncia o la disseminaci\u00f3 de continguts clarament   il\u00b7l\u00edcits o   nocius.<br \/>\nAquells usuaris que envi\u00efn a les p\u00e0gines web   de <strong>Barcelona Segway Glides<\/strong>,   al seu departament de suggeriments, observacions, opinions   o   comentaris per mitj\u00e0 del servei de correu electr\u00f2nic, tret que expressin   de   manera certa i inconfundible el contrari, en els casos en els   quals per la   naturalesa dels serveis o continguts aix\u00f2 sigui possible,   s&#8217;ent\u00e9n que autoritzen   a <strong>Barcelona Segway Glides<\/strong> per a la   reproducci\u00f3, distribuci\u00f3, exhibici\u00f3, transmissi\u00f3,   retransmissi\u00f3,   emissi\u00f3 en qualsevol format, emmagatzematge en suports f\u00edsics o   l\u00f2gics   (per exemple, disquets o disc dur d&#8217;ordinadors), digitalitzaci\u00f3, posada   a   disposici\u00f3 des de bases de dades pertanyents a <strong>Barcelona Segway Glides<\/strong>,   traducci\u00f3,   adaptaci\u00f3, arranjament o qualsevol altra transformaci\u00f3 de   tals observacions,   opinions o comentaris, per tot el temps de   protecci\u00f3 de dret d&#8217;autor que estigui   previst legalment. Aix\u00ed mateix,   s&#8217;ent\u00e9n que aquesta autoritzaci\u00f3 es fa a t\u00edtol   gratu\u00eft, i que pel sol   fet d&#8217;enviar per e-mail tals observacions, opinions o   comentaris, els   usuaris declinen qualsevol pretensi\u00f3 remuneratoria per part   de <strong>Barcelona Segway Glides<\/strong>.<br \/>\nD&#8217;acord amb lo assenyalat en el par\u00e0graf anterior, <strong>Barcelona Segway Glides<\/strong> queda autoritzada igualment per a procedir a la modificaci\u00f3 o     alteraci\u00f3 de tals observacions, opinions o comentaris, a fi   d&#8217;adaptar-los a les   necessitats de format editorial de les p\u00e0gines   web, sense que per aix\u00f2 pugui   entendre&#8217;s que existeix en absolut   qualsevol tipus de lesi\u00f3 de qualsevol de les   facultats morals de dret   d&#8217;autor que els usuaris poguessin ostentar sobre   aquelles.<br \/>\nQueden prohibits qualsevol dels recursos t\u00e8cnics, l\u00f2gics o     tecnol\u00f2gics per virtut dels quals un tercer pugui beneficiar-se,   directa o   indirectament, amb o sense lucre, de tots i cadascun dels   continguts, formes,   \u00edndexs i altres expressions formals que formin   part de les p\u00e0gines web, o de   l&#8217;esfor\u00e7 portat a terme per <strong>Barcelona Segway Glides<\/strong> pel seu funcionament. En concret,   queda prohibit tot link, hyperlink,   framing o vincle similar que pugui   establir-se en direcci\u00f3 a les   p\u00e0gines web de <strong>Barcelona Segway Glides<\/strong>, sense el   consentiment previ, expr\u00e9s i per escrit de <strong>Barcelona Segway Glides<\/strong>.   Qualsevol   trasgresi\u00f3 del disposat en aquest punt ser\u00e0 considerada com   lesi\u00f3 dels leg\u00edtims   drets de Propietat intel\u00b7lectual de <strong>Barcelona Segway Glides<\/strong> sobre les p\u00e0gines web i   tots els continguts de les mateixes.<br \/>\n<strong>Barcelona Segway Glides<\/strong>no assumir\u00e0   responsabilitat   alguna davant conseq\u00fc\u00e8ncies derivades de les conductes i   actuacions   abans citades, de la mateixa manera que no assumir\u00e0 responsabilitat     alguna pels continguts, serveis, productes, etc,&#8230; de tercers als quals   es   pugui accedir directament o a trav\u00e9s de banners, enlla\u00e7os, links,   hyperlinks,   framing o vincles similars des dels websites de <strong>Barcelona Segway Glides<\/strong>.<\/p>\n","protected":false},"excerpt":{"rendered":"<p>Objete de la Pol\u00edtica de Privacitat Barcelona Segway Glides, informa als usuaris que compleix amb la vigent normativa de protecci\u00f3 de dades, i amb car\u00e0cter especial, amb la Llei Org\u00e0nica [&#8230;]<\/p>\n<p><a class=\"btn btn-secondary understrap-read-more-link more-link\" href=\"https:\/\/barcelonasegwayglides.com\/ca\/nota-legal\/\"> Read More<span class=\"screen-reader-text\"> from Nota Legal<\/span><\/a><\/p>\n","protected":false},"author":1,"featured_media":0,"parent":0,"menu_order":0,"comment_status":"closed","ping_status":"open","template":"","meta":{"_acf_changed":false,"_joinchat":[],"footnotes":""},"class_list":["post-327","page","type-page","status-publish","hentry"],"acf":[],"_links":{"self":[{"href":"https:\/\/barcelonasegwayglides.com\/ca\/wp-json\/wp\/v2\/pages\/327","targetHints":{"allow":["GET"]}}],"collection":[{"href":"https:\/\/barcelonasegwayglides.com\/ca\/wp-json\/wp\/v2\/pages"}],"about":[{"href":"https:\/\/barcelonasegwayglides.com\/ca\/wp-json\/wp\/v2\/types\/page"}],"author":[{"embeddable":true,"href":"https:\/\/barcelonasegwayglides.com\/ca\/wp-json\/wp\/v2\/users\/1"}],"replies":[{"embeddable":true,"href":"https:\/\/barcelonasegwayglides.com\/ca\/wp-json\/wp\/v2\/comments?post=327"}],"version-history":[{"count":1,"href":"https:\/\/barcelonasegwayglides.com\/ca\/wp-json\/wp\/v2\/pages\/327\/revisions"}],"predecessor-version":[{"id":329,"href":"https:\/\/barcelonasegwayglides.com\/ca\/wp-json\/wp\/v2\/pages\/327\/revisions\/329"}],"wp:attachment":[{"href":"https:\/\/barcelonasegwayglides.com\/ca\/wp-json\/wp\/v2\/media?parent=327"}],"curies":[{"name":"wp","href":"https:\/\/api.w.org\/{rel}","templated":true}]}}