{"id":322,"date":"2022-11-27T13:48:40","date_gmt":"2022-11-27T12:48:40","guid":{"rendered":"https:\/\/barcelonasegwayglides.com\/barcelona-spain-glides\/"},"modified":"2025-04-16T15:15:03","modified_gmt":"2025-04-16T13:15:03","slug":"barcelona-spain-glides","status":"publish","type":"page","link":"https:\/\/barcelonasegwayglides.com\/ca\/barcelona-spain-glides\/","title":{"rendered":"Barcelona Spain Glides"},"content":{"rendered":"<p><img loading=\"lazy\" decoding=\"async\" class=\"wp-image-251 size-full\" src=\"https:\/\/barcelonasegwayglides.com\/wp-content\/uploads\/2022\/11\/cabecera-int5.jpg\" alt=\"Barcelona Spain Glides - sobre nosaltres\" width=\"1503\" height=\"135\" title=\"\" srcset=\"https:\/\/barcelonasegwayglides.com\/wp-content\/uploads\/2022\/11\/cabecera-int5.jpg 1503w, https:\/\/barcelonasegwayglides.com\/wp-content\/uploads\/2022\/11\/cabecera-int5-300x27.jpg 300w, https:\/\/barcelonasegwayglides.com\/wp-content\/uploads\/2022\/11\/cabecera-int5-768x69.jpg 768w, https:\/\/barcelonasegwayglides.com\/wp-content\/uploads\/2022\/11\/cabecera-int5-1024x92.jpg 1024w\" sizes=\"auto, (max-width: 1503px) 100vw, 1503px\" \/><\/p>\n<h2>Primer Tour Oficial d&#8217;Espanya<\/h2>\n<p>Barcelona Segway Glides es la primera empresa de tours en Segway a Espanya i una de les primeres a Europa des del 2005. Barcelona Segway Glides va ser fundada per Edgar Torras.<\/p>\n<p>Crec fermament que has de treballar en el que t&#8217;agrada fer ja que passar\u00e0s molt de temps fent-ho cada dia. M&#8217;agrada molt con\u00e8ixer gent nova aix\u00ed que fer tours en Segway \u00e9s la feina perfecte.<\/p>\n<p>Porto nou anys fent tours en Segway i encara vaig a treballar amb un somriure a la boca cada dia.<\/p>\n<p>Cada dia em permet con\u00e8ixer gent d&#8217;arreu del m\u00f3n amb ganes d&#8217;aprendre sobre Barcelona i passar-s&#8217;ho b\u00e9. Aquesta gent es una finestra al m\u00f3n per a mi i a vegades tenen histories incre\u00efbles per explicar.<\/p>\n<p>He conegut a un oficial de la marina anglesa que va viure els atacs dels Kamikazes japonesos al seu vaixell; un veter\u00e0 de la guerra del Vietnam que tenia por de tornar a casa; el mariner amb una sola cama que va navegar durant setmanes per la Ant\u00e0rtic en un vaixell del segle XIX; el dissenyador de cotxes que imagina els cotxes que conduirem d&#8217;aqu\u00ed 15 anys; l&#8217;empresari angl\u00e8s que va vendre l&#8217;empresa per navegar al voltant del mon i va trobar l&#8217;amor a Phucket on ara regenta un petit hotel al costat del mar&#8230;<\/p>\n<p>Em considero molt afortunat d&#8217;haver conegut tota aquesta gent.<\/p>\n<p>M&#8217;agrada tractar als meus clients com a amics que han vingut de visita a Barcelona. Em permet ensenyar la ciutat per\u00f2 al mateix temps con\u00e8ixer-nos una mica. Ho tinc tot organitzat per poder fer el qu\u00e8 m&#8217;agrada, con\u00e8ixer gent i explicar coses sobre Barcelona i els Catalans.<\/p>\n<figure id=\"attachment_307\" aria-describedby=\"caption-attachment-307\" style=\"width: 1024px\" class=\"wp-caption aligncenter\"><img loading=\"lazy\" decoding=\"async\" class=\"wp-image-243 size-full\" src=\"https:\/\/barcelonasegwayglides.com\/wp-content\/uploads\/2022\/11\/segway-tour-barcelona-ed.jpg\" alt=\"Tour en Segway a Barcelona per Edgar - Barcelona Segway Glides tours.\" width=\"1024\" height=\"320\" title=\"\" srcset=\"https:\/\/barcelonasegwayglides.com\/wp-content\/uploads\/2022\/11\/segway-tour-barcelona-ed.jpg 1024w, https:\/\/barcelonasegwayglides.com\/wp-content\/uploads\/2022\/11\/segway-tour-barcelona-ed-300x94.jpg 300w, https:\/\/barcelonasegwayglides.com\/wp-content\/uploads\/2022\/11\/segway-tour-barcelona-ed-768x240.jpg 768w\" sizes=\"auto, (max-width: 1024px) 100vw, 1024px\" \/><figcaption id=\"caption-attachment-307\" class=\"wp-caption-text\">Tour en Segway a Barcelona per Edgar &#8211; Barcelona Segway Glides tours.<\/figcaption><\/figure>\n","protected":false},"excerpt":{"rendered":"<p>Primer Tour Oficial d&#8217;Espanya Barcelona Segway Glides es la primera empresa de tours en Segway a Espanya i una de les primeres a Europa des del 2005. Barcelona Segway Glides [&#8230;]<\/p>\n<p><a class=\"btn btn-secondary understrap-read-more-link more-link\" href=\"https:\/\/barcelonasegwayglides.com\/ca\/barcelona-spain-glides\/\"> Read More<span class=\"screen-reader-text\"> from Barcelona Spain Glides<\/span><\/a><\/p>\n","protected":false},"author":1,"featured_media":307,"parent":0,"menu_order":0,"comment_status":"closed","ping_status":"closed","template":"","meta":{"_acf_changed":false,"_joinchat":[],"footnotes":""},"class_list":["post-322","page","type-page","status-publish","has-post-thumbnail","hentry"],"acf":[],"_links":{"self":[{"href":"https:\/\/barcelonasegwayglides.com\/ca\/wp-json\/wp\/v2\/pages\/322","targetHints":{"allow":["GET"]}}],"collection":[{"href":"https:\/\/barcelonasegwayglides.com\/ca\/wp-json\/wp\/v2\/pages"}],"about":[{"href":"https:\/\/barcelonasegwayglides.com\/ca\/wp-json\/wp\/v2\/types\/page"}],"author":[{"embeddable":true,"href":"https:\/\/barcelonasegwayglides.com\/ca\/wp-json\/wp\/v2\/users\/1"}],"replies":[{"embeddable":true,"href":"https:\/\/barcelonasegwayglides.com\/ca\/wp-json\/wp\/v2\/comments?post=322"}],"version-history":[{"count":2,"href":"https:\/\/barcelonasegwayglides.com\/ca\/wp-json\/wp\/v2\/pages\/322\/revisions"}],"predecessor-version":[{"id":628,"href":"https:\/\/barcelonasegwayglides.com\/ca\/wp-json\/wp\/v2\/pages\/322\/revisions\/628"}],"wp:featuredmedia":[{"embeddable":true,"href":"https:\/\/barcelonasegwayglides.com\/ca\/wp-json\/wp\/v2\/media\/307"}],"wp:attachment":[{"href":"https:\/\/barcelonasegwayglides.com\/ca\/wp-json\/wp\/v2\/media?parent=322"}],"curies":[{"name":"wp","href":"https:\/\/api.w.org\/{rel}","templated":true}]}}