{"id":316,"date":"2022-11-27T13:59:19","date_gmt":"2022-11-27T12:59:19","guid":{"rendered":"https:\/\/barcelonasegwayglides.com\/preguntes-frequents\/"},"modified":"2023-03-05T17:11:27","modified_gmt":"2023-03-05T16:11:27","slug":"preguntes-frequents","status":"publish","type":"page","link":"https:\/\/barcelonasegwayglides.com\/ca\/preguntes-frequents\/","title":{"rendered":"Preguntes Freq\u00fcents"},"content":{"rendered":"<h2>Sobre els tours<\/h2>\n<p>&nbsp;<\/p>\n<h3>Com puc reservar i on ens trobem?<\/h3>\n<p>Cal reservar per a tots els Tours Barcelona Glides i es pot fer en l\u00ednia aqu\u00ed o per tel\u00e8fon al seg\u00fcent n\u00famero +34 935 504 873. Totes les visites comencen al carrer d&#8217;En Groc 2, al Barri G\u00f2tic.<\/p>\n<p>&nbsp;<\/p>\n<h3>Quant dura la visita?<\/h3>\n<p>Els tours m\u00e9s populars solen durar unes 2-3 hores (incloent la formaci\u00f3 de seguretat).<\/p>\n<p>&nbsp;<\/p>\n<h3>Amb quina antelaci\u00f3 he de reservar?<\/h3>\n<p>Sempre podeu comprovar si hi ha places disponibles el mateix dia. Tanmateix, \u00e9s molt possible que les visites estiguin plenes. Us recomanem que reserveu amb la m\u00e0xima antelaci\u00f3 possible per assegurar la data i l&#8217;hora de la visita desitjada.<\/p>\n<p>&nbsp;<\/p>\n<h3>Els Segway\u00ae PT s\u00f3n segurs per a persones amb discapacitat?<\/h3>\n<p>Conduir un Segway\u00ae PT \u00e9s relativament f\u00e0cil de fer i d&#8217;aprendre. Fins i tot els nens poden fer-ho (fegeu una ullada a la seg\u00fcent pregunta). Els corredors han de tenir la capacitat de fer moviments com pujar i baixar escales sense ajuda. El Segway\u00ae PT no \u00e9s adequat per a aquells que pesin menys de 35 kg (77 lliures) o m\u00e9s de 130 kg (280 lliures). Cadascun dels nostres recorreguts comen\u00e7a amb una sessi\u00f3 de formaci\u00f3 de 10 minuts a la pla\u00e7a del costat de la nostra oficina. Practicarem amb el Segway\u00ae PT perqu\u00e8 tothom se senti c\u00f2mode i preparat per sortir a conquerir Barcelona.<\/p>\n<p>&nbsp;<\/p>\n<h3>Quina \u00e9s l&#8217;edat m\u00ednima per conduir un Segway a Barcelona?<\/h3>\n<p>Segons la normativa local de Barcelona, \u200b\u200btots els conductors de Segway PT tamb\u00e9 com a conductors d&#8217;eScooters han de tenir com a m\u00ednim 16 anys. Si teniu nens d&#8217;entre 10 i 15 anys, podem oferir-vos una bicicleta el\u00e8ctrica, perqu\u00e8 pugueu anar de gira junts. El preu de l&#8217;excursi\u00f3 segueix sent el mateix. Ho sentim, per\u00f2 no hi ha excepcions per a l&#8217;edat m\u00ednima, aquesta \u00e9s la Llei.<\/p>\n<p>En altres ciutats on tamb\u00e9 operem excursions en segway, com ara <a title=\"Lisbon Segway Tours\" href=\"https:\/\/eurosegway.pt\/\" target=\"_blank\" rel=\"noopener\">Lisboa<\/a>, < a title=\"Prague Segway Tours\" href=\"https:\/\/prague-segway-tours.com\/\" target=\"_blank\" rel=\"noopener\">Praga<\/a> i <a title=\"Budapest Segway Tours per Aconsegueix Segway\" href=\"https:\/\/getsegway.hu\/\" target=\"_blank\" rel=\"noopener\">Budapest<\/a>, no hi ha restriccions d&#8217;edat.<\/p>\n<h2>Informaci\u00f3 t\u00e8cnica<\/h2>\n<h3>Qu\u00e8 \u00e9s el Segway Personal Transporter?<\/h3>\n<p>El Segway Personal Transporter (Segway\u00ae PT) \u00e9s el primer dispositiu de transport el\u00e8ctric que s&#8217;autoequilibra. Amb unes dimensions no superiors a la mitjana del cos adult i la capacitat d&#8217;emular l&#8217;equilibri hum\u00e0, el Segway\u00ae PT utilitza el mateix espai que un vianant i pot anar all\u00e0 on pugui caminar una persona.<\/p>\n<p>&nbsp;<\/p>\n<h3>Com funciona el Segway\u00ae PT?<\/h3>\n<p>L&#8217;estabilitzaci\u00f3 din\u00e0mica \u00e9s l&#8217;ess\u00e8ncia del Segway\u00ae PT. L&#8217;estabilitzaci\u00f3 din\u00e0mica permet que el Segway\u00ae PT funcioni perfectament amb els moviments del cos. Els giroscopis i els sensors d&#8217;inclinaci\u00f3 de la unitat controlen el centre de gravetat d&#8217;un motorista unes 100 vegades per segon. Quan el motorista s&#8217;inclina lleugerament cap endavant, el Segway\u00ae PT avan\u00e7a. Quan el motorista s&#8217;inclina lleugerament enrere, el Segway\u00ae PT es mou cap enrere.<\/p>\n<p>&nbsp;<\/p>\n<h3>Quan segur \u00e9s el Segway\u00ae PT?<\/h3>\n<p>S&#8217;ha fet la m\u00e0xima cura i investigaci\u00f3 per garantir que el Segway\u00ae PT sigui segur. La tecnologia d&#8217;equilibri del Segway\u00ae PT \u00e9s realment revolucion\u00e0ria i ofereix una experi\u00e8ncia de conducci\u00f3 excepcional. El Segway\u00ae PT t\u00e9 sistemes redundants i alertes sofisticades incorporades al seu disseny, i molts milers d&#8217;hores d&#8217;\u00fas han demostrat que el Segway\u00ae PT \u00e9s segur quan s&#8217;utilitza adequadament. \u00c9s important que els usuaris de Segway\u00ae PT entenguin la seva responsabilitat de conduir amb seguretat. El nivell d&#8217;habilitat adequat i la comprensi\u00f3 del Segway\u00ae PT evita lesions causades per la p\u00e8rdua de control o el mal \u00fas. Es cancel\u00b7len les visites en cas de pluja? S\u00ed, ens aturem si plou. Lliscar sota la pluja no \u00e9s la meitat de divertit que els dies assolellats. Farem tot el possible per trobar un dia alternatiu. Per descomptat, no \u00e9s culpa teva si plou, aix\u00ed que els diners del dip\u00f2sit es retornaran en cas de pluja.<\/p>\n<p>&nbsp;<\/p>\n<h3>Com s&#8217;enc\u00e9n un Segway?<\/h3>\n<p>El Segway PT funciona mitjan\u00e7ant una clau, anomenada infokey. Es tracta d&#8217;un comandament a dist\u00e0ncia electr\u00f2nic amb pantalla i 4 botons. Est\u00e0 programat de f\u00e0brica per a un segway exacte mitjan\u00e7ant un n\u00famero de s\u00e8rie i no es pot iniciar un altre segway. Si s&#8217;ha perdut l&#8217;infokey, nom\u00e9s els distribu\u00efdors especials poden programar una nova infokey. A m\u00e9s, el nostre soci pot desar i restaurar la clau d&#8217;informaci\u00f3 <a title=\"Reading and writing Segway infokeys\" href=\"https:\/\/infokeysafe.com\/\" target=\"_blank\" rel=\"noopener\">infokey safe<\/a>.<\/p>\n","protected":false},"excerpt":{"rendered":"<p>Sobre els tours &nbsp; Com puc reservar i on ens trobem? Cal reservar per a tots els Tours Barcelona Glides i es pot fer en l\u00ednia aqu\u00ed o per tel\u00e8fon [&#8230;]<\/p>\n<p><a class=\"btn btn-secondary understrap-read-more-link more-link\" href=\"https:\/\/barcelonasegwayglides.com\/ca\/preguntes-frequents\/\"> Read More<span class=\"screen-reader-text\"> from Preguntes Freq\u00fcents<\/span><\/a><\/p>\n","protected":false},"author":1,"featured_media":0,"parent":0,"menu_order":0,"comment_status":"closed","ping_status":"closed","template":"","meta":{"_acf_changed":false,"_joinchat":[],"footnotes":""},"class_list":["post-316","page","type-page","status-publish","hentry"],"acf":[],"_links":{"self":[{"href":"https:\/\/barcelonasegwayglides.com\/ca\/wp-json\/wp\/v2\/pages\/316","targetHints":{"allow":["GET"]}}],"collection":[{"href":"https:\/\/barcelonasegwayglides.com\/ca\/wp-json\/wp\/v2\/pages"}],"about":[{"href":"https:\/\/barcelonasegwayglides.com\/ca\/wp-json\/wp\/v2\/types\/page"}],"author":[{"embeddable":true,"href":"https:\/\/barcelonasegwayglides.com\/ca\/wp-json\/wp\/v2\/users\/1"}],"replies":[{"embeddable":true,"href":"https:\/\/barcelonasegwayglides.com\/ca\/wp-json\/wp\/v2\/comments?post=316"}],"version-history":[{"count":3,"href":"https:\/\/barcelonasegwayglides.com\/ca\/wp-json\/wp\/v2\/pages\/316\/revisions"}],"predecessor-version":[{"id":691,"href":"https:\/\/barcelonasegwayglides.com\/ca\/wp-json\/wp\/v2\/pages\/316\/revisions\/691"}],"wp:attachment":[{"href":"https:\/\/barcelonasegwayglides.com\/ca\/wp-json\/wp\/v2\/media?parent=316"}],"curies":[{"name":"wp","href":"https:\/\/api.w.org\/{rel}","templated":true}]}}